{"id":217,"date":"2023-04-28T12:35:34","date_gmt":"2023-04-28T12:35:34","guid":{"rendered":"https:\/\/anakaminskiene.lt\/?page_id=217"},"modified":"2024-07-26T16:00:30","modified_gmt":"2024-07-26T16:00:30","slug":"apie-mane","status":"publish","type":"page","link":"https:\/\/anakaminskiene.lt\/index.php\/apie-mane\/","title":{"rendered":""},"content":{"rendered":"\n<div class=\"section-wrapper\" data-id=\"5e9nnt\"><section class=\"wp-block-gutenverse-section guten-element guten-section guten-5e9nnt layout-boxed align-stretch\"><div class=\"guten-background-overlay\"><\/div><div class=\"guten-shape-divider guten-shape-divider-top\"><\/div><div class=\"guten-shape-divider guten-shape-divider-bottom\"><\/div><div class=\"guten-container guten-column-gap-no\">\n<div class=\"wp-block-gutenverse-column guten-element guten-column guten-LLkRjW\"><div class=\"guten-background-overlay\"><\/div><div class=\"sticky-wrapper\" data-id=\"LLkRjW\"><div class=\"guten-column-wrapper\">\n<div class=\"guten-element guten-spacer guten-de8ef1\"><\/div>\n<\/div><\/div><\/div>\n\n\n\n<div class=\"wp-block-gutenverse-column guten-element guten-column guten-hm22ZI\"><div class=\"guten-background-overlay\"><\/div><div class=\"sticky-wrapper\" data-id=\"hm22ZI\"><div class=\"guten-column-wrapper\">\n<h2 class=\"wp-block-gutenverse-heading guten-element guten-2W1hqH animated guten-element-hide slow desktop-fadeInRight\">apie mane<\/h2>\n\n\n\n<h2 class=\"wp-block-gutenverse-heading guten-element guten-VP1Pdh animated guten-element-hide slow desktop-fadeInLeft\">apie<\/h2>\n\n\n\n<div class=\"guten-element gutenverse-text-editor guten-wb6sWe\"><div class=\"text-content-inner\">\n<p>Sveiki, esu Ana Kaminskien\u0117, dar \u017einoma kaip Ana Valyt\u0117 \u2013 gro\u017eio srities profesional\u0117 su daugiau nei 10 met\u0173 patirtimi. Per \u0161\u012f laik\u0105 \u012fgijau daugyb\u0119 \u012fg\u016bd\u017ei\u0173, specializuodamasi makia\u017eo, \u0161ukuosen\u0173, antaki\u0173 korekcijos, permanento ir depiliacijos srityse.<\/p>\n\n\n\n<div class=\"section-wrapper\" data-id=\"sM8ATz\"><section class=\"wp-block-gutenverse-section guten-element guten-section guten-sM8ATz layout-boxed align-stretch\"><div class=\"guten-background-overlay\"><\/div><div class=\"guten-shape-divider guten-shape-divider-top\"><\/div><div class=\"guten-shape-divider guten-shape-divider-bottom\"><\/div><div class=\"guten-container guten-column-gap-default\">\n<div class=\"wp-block-gutenverse-column guten-element guten-column guten-wvhxW0\"><div class=\"guten-background-overlay\"><\/div><div class=\"sticky-wrapper\" data-id=\"wvhxW0\"><div class=\"guten-column-wrapper\"><\/div><\/div><\/div>\n<\/div><\/section><\/div>\n\n\n\n<p>Esu tarptautini\u0173 konkurs\u0173 nugal\u0117toja, pelniusi tris apdovanojimus presti\u017einiame tarptautiniame makia\u017eo konkurse \u201eNevskie Nerega\u201c u\u017e geriausi\u0105 podiumo ir fantasy makia\u017e\u0105 bei pagrindin\u012f \u201eGrand prix\u201c titul\u0105. Be to, esu buvusi TTVAM, ICON academy ir SLA makia\u017eo d\u0117stytoja bei konkurs\u0173 trener\u0117\u200b.<\/p>\n\n\n\n<div class=\"section-wrapper\" data-id=\"GVP3RI\"><section class=\"wp-block-gutenverse-section guten-element guten-section guten-GVP3RI layout-boxed align-stretch\"><div class=\"guten-background-overlay\"><\/div><div class=\"guten-shape-divider guten-shape-divider-top\"><\/div><div class=\"guten-shape-divider guten-shape-divider-bottom\"><\/div><div class=\"guten-container guten-column-gap-default\">\n<div class=\"wp-block-gutenverse-column guten-element guten-column guten-l5IdXq\"><div class=\"guten-background-overlay\"><\/div><div class=\"sticky-wrapper\" data-id=\"l5IdXq\"><div class=\"guten-column-wrapper\"><\/div><\/div><\/div>\n<\/div><\/section><\/div>\n\n\n\n<p>Mano aistra gro\u017eiui atsiskleid\u017eia ne tik per kasdienius darbus, bet ir per dalyvavim\u0105 \u012fvairiuose renginiuose, kaip antai \u201eThe Make-Up Lovers\u201c festivalis, kur savo makia\u017eo meistri\u0161kumu stebinu net pa\u010dius i\u0161rankiausius gro\u017eio ekspertus\u200b \u200b. A\u0161 tikiu, kad makia\u017eas n\u0117ra tik veido padengimas kosmetika \u2013 tai k\u016bryba, leid\u017eianti i\u0161reik\u0161ti save netik\u0117tais sprendimais\u200b .<\/p>\n\n\n\n<div class=\"section-wrapper\" data-id=\"1zzljY\"><section class=\"wp-block-gutenverse-section guten-element guten-section guten-1zzljY layout-boxed align-stretch\"><div class=\"guten-background-overlay\"><\/div><div class=\"guten-shape-divider guten-shape-divider-top\"><\/div><div class=\"guten-shape-divider guten-shape-divider-bottom\"><\/div><div class=\"guten-container guten-column-gap-default\">\n<div class=\"wp-block-gutenverse-column guten-element guten-column guten-kPvHNH\"><div class=\"guten-background-overlay\"><\/div><div class=\"sticky-wrapper\" data-id=\"kPvHNH\"><div class=\"guten-column-wrapper\"><\/div><\/div><\/div>\n<\/div><\/section><\/div>\n\n\n\n<p>Esu atlikusi grim\u0105 \u201eChor\u0173 kar\u0173\u201c dalyviams, \u017eurnal\u0173 \u201ePanel\u0117\u201c ir \u201eStilius\u201c vir\u0161eliams, taip pat grimuodavau garsenybes muzikiniuose klipuose, pvz.:  Monique jos klipuose \u201ePlanai\u201c ir \u201e\u017dinau k\u0105 turiu\u201c, bei atlik\u0117j\u0105 Vaid\u0105 Baumil\u0105 ir model\u012f Karolin\u0105 Toleikyt\u0119 klipe \u201e\u0160alta\u201c. Nuolat keliu savo kvalifikacij\u0105 ir profesionalum\u0105, bei geb\u0117jim\u0105 dirbti su \u012fvairiais k\u016brybiniais projektais.<\/p>\n\n\n\n<div class=\"section-wrapper\" data-id=\"3vV5Cr\"><section class=\"wp-block-gutenverse-section guten-element guten-section guten-3vV5Cr layout-boxed align-stretch\"><div class=\"guten-background-overlay\"><\/div><div class=\"guten-shape-divider guten-shape-divider-top\"><\/div><div class=\"guten-shape-divider guten-shape-divider-bottom\"><\/div><div class=\"guten-container guten-column-gap-default\">\n<div class=\"wp-block-gutenverse-column guten-element guten-column guten-CAIykQ\"><div class=\"guten-background-overlay\"><\/div><div class=\"sticky-wrapper\" data-id=\"CAIykQ\"><div class=\"guten-column-wrapper\"><\/div><\/div><\/div>\n<\/div><\/section><\/div>\n\n\n\n<p>Kod\u0117l verta rinktis mane? Mano patirtis ir \u012fg\u016bd\u017eiai garantuoja auk\u0161tos kokyb\u0117s paslaugas, atitinkan\u010dias individualius klient\u0173 poreikius. Si\u016blau plat\u0173 paslaug\u0173 spektr\u0105: nuo vestuvinio ir proginio makia\u017eo iki antaki\u0173 dizaino, permanento bei depiliacijos. Mano darbas padeda ne tik atrodyti puikiai, bet ir jaustis pasitikin\u010diai savimi.<\/p>\n\n\n\n<div class=\"section-wrapper\" data-id=\"kGNxyJ\"><section class=\"wp-block-gutenverse-section guten-element guten-section guten-kGNxyJ layout-boxed align-stretch\"><div class=\"guten-background-overlay\"><\/div><div class=\"guten-shape-divider guten-shape-divider-top\"><\/div><div class=\"guten-shape-divider guten-shape-divider-bottom\"><\/div><div class=\"guten-container guten-column-gap-default\">\n<div class=\"wp-block-gutenverse-column guten-element guten-column guten-gLKdJj\"><div class=\"guten-background-overlay\"><\/div><div class=\"sticky-wrapper\" data-id=\"gLKdJj\"><div class=\"guten-column-wrapper\"><\/div><\/div><\/div>\n<\/div><\/section><\/div>\n\n\n\n<p>D\u017eiaugiuosi gal\u0117dama pad\u0117ti jums sukurti tobul\u0105 \u012fvaizd\u012f bet kokiai progai. Susisiekite su manimi ir leiskite man pad\u0117ti Jums atskleisti j\u016bs\u0173 gro\u017e\u012f!<\/p>\n\n\n\n<div class=\"section-wrapper\" data-id=\"1SUHJi\"><section class=\"wp-block-gutenverse-section guten-element guten-section guten-1SUHJi layout-boxed align-stretch\"><div class=\"guten-background-overlay\"><\/div><div class=\"guten-shape-divider guten-shape-divider-top\"><\/div><div class=\"guten-shape-divider guten-shape-divider-bottom\"><\/div><div class=\"guten-container guten-column-gap-no\">\n<div class=\"wp-block-gutenverse-column guten-element guten-column guten-hllSXT\"><div class=\"guten-background-overlay\"><\/div><div class=\"sticky-wrapper\" data-id=\"hllSXT\"><div class=\"guten-column-wrapper\">\n<div class=\"guten-element gutenverse-text-editor guten-BEjv11\"><div class=\"text-content-inner\">\n<p><em>Niekas nepadaro moters gra\u017eesn\u0117s, negu pasitik\u0117jimas savimi<\/em><\/p>\n<\/div><\/div>\n\n\n\n<div class=\"wp-block-gutenverse-icon guten-element guten-GLgqvo guten-icon\"><span class=\"guten-icon-wrapper custom stacked\"><i class=\"gtn gtn-quote-light\"><\/i><\/span><\/div>\n<\/div><\/div><\/div>\n<\/div><\/section><\/div>\n<\/div><\/div>\n<\/div><\/div><\/div>\n<\/div><\/section><\/div>\n\n\n\n<div class=\"section-wrapper\" data-id=\"4m3yYH\"><section class=\"wp-block-gutenverse-section guten-element guten-section guten-4m3yYH layout-boxed align-stretch\"><div class=\"guten-background-overlay\"><\/div><div class=\"guten-shape-divider guten-shape-divider-top\"><\/div><div class=\"guten-shape-divider guten-shape-divider-bottom\"><\/div><div class=\"guten-container guten-column-gap-default\">\n<div class=\"wp-block-gutenverse-column guten-element guten-column guten-KgRGcV\"><div class=\"guten-background-overlay\"><\/div><div class=\"sticky-wrapper\" data-id=\"KgRGcV\"><div class=\"guten-column-wrapper\">\n<h2 class=\"wp-block-gutenverse-heading guten-element guten-sIe1kZ animated guten-element-hide desktop-fadeInUp tablet-fadeInDown mobile-fadeInDown\">Klient\u0173 atsiliepimai<\/h2>\n\n\n\n<div class=\"guten-element guten-testimonials guten-qqtEKW animated guten-element-hide desktop-fadeInUp style-1 quote-override\"><div class=\"testimonials-list\"><div id=\"guten-qqtEKW\" class=\"swiper-container\" data-loop=\"true\" data-autoplay=\"false\" data-timeout=\"2400\" data-nav=\"false\" data-arrow=\"true\" data-breakpoints=\"{&quot;0&quot;:{&quot;spaceBetween&quot;:10,&quot;slidesPerView&quot;:1},&quot;768&quot;:{&quot;spaceBetween&quot;:10,&quot;slidesPerView&quot;:1},&quot;1024&quot;:{&quot;spaceBetween&quot;:10,&quot;slidesPerView&quot;:1}}\"><div class=\"swiper-wrapper\"><div class=\"swiper-slide\"><div class=\"guten-testimonial-item\"><div class=\"testimonial-box hover-from-left\"><div class=\"testimonial-slider hover-from-left\"><div class=\"comment-bio\"><div class=\"profile-image\"><img decoding=\"async\" src=\"http:\/\/anakaminskiene.lt\/wp-content\/uploads\/2023\/04\/13263872_997552323615429_5492691964645465856_n.jpg\" alt=\"Virga Stakionyte\"\/><\/div><ul class=\"rating-stars\"><\/ul><span class=\"profile-info\"><strong class=\"profile-name\">Virga Stakionyte<\/strong><p class=\"profile-des\"><\/p><\/span><\/div><div class=\"comment-content\"><p>Nuostabi , \u0161ilta , informatyvi! Nuostabi mokytoja ! Labai daug su\u017einojau kursuose . A\u010di\u016b dar kartel\u012f \ud83d\ude18 B\u016btinai dar apsilankysiu mokymuose !<\/p><\/div><\/div><\/div><\/div><\/div><div class=\"swiper-slide\"><div class=\"guten-testimonial-item\"><div class=\"testimonial-box hover-from-left\"><div class=\"testimonial-slider hover-from-left\"><div class=\"comment-bio\"><div class=\"profile-image\"><img decoding=\"async\" src=\"http:\/\/anakaminskiene.lt\/wp-content\/uploads\/2023\/04\/301308007_10221853512150866_7800592850660811267_n.jpg\" alt=\"Ieva Lauce\"\/><\/div><ul class=\"rating-stars\"><\/ul><span class=\"profile-info\"><strong class=\"profile-name\">Ieva Lauce<\/strong><p class=\"profile-des\"><\/p><\/span><\/div><div class=\"comment-content\"><p>labai labai aciu uz sukurta subtilu makiaza nuotakai rugpjucio 22d. jauciausi nuostabiai, issilaike ilgai. patys geriausi atsiliepimai.<\/p><\/div><\/div><\/div><\/div><\/div><div class=\"swiper-slide\"><div class=\"guten-testimonial-item\"><div class=\"testimonial-box hover-from-left\"><div class=\"testimonial-slider hover-from-left\"><div class=\"comment-bio\"><div class=\"profile-image\"><img decoding=\"async\" src=\"http:\/\/anakaminskiene.lt\/wp-content\/uploads\/2023\/04\/70594079_2522973097724895_7842201650717523968_n.jpg\" alt=\"Barbora Popova\"\/><\/div><ul class=\"rating-stars\"><\/ul><span class=\"profile-info\"><strong class=\"profile-name\">Barbora Popova<\/strong><p class=\"profile-des\"><\/p><\/span><\/div><div class=\"comment-content\"><p>Tobulas makia\u017eas vestuvi\u0173 dien\u0105, atlaik\u0117 ir lengv\u0105 liet\u0173 ir saul\u0119. Nuostabi meistr\u0117, i\u0161klaus\u0117 ko nor\u0117jau ir patar\u0117 kaip reik\u0117jo superiniam finaliniam rezultatui. Labai a\u010di\u016b<\/p><\/div><\/div><\/div><\/div><\/div><div class=\"swiper-slide\"><div class=\"guten-testimonial-item\"><div class=\"testimonial-box hover-from-left\"><div class=\"testimonial-slider hover-from-left\"><div class=\"comment-bio\"><div class=\"profile-image\"><img decoding=\"async\" src=\"http:\/\/anakaminskiene.lt\/wp-content\/uploads\/2023\/04\/312252629_3321582298105174_4937095451077870062_n.jpg\" alt=\"Urte Urte\"\/><\/div><ul class=\"rating-stars\"><\/ul><span class=\"profile-info\"><strong class=\"profile-name\">Urte Urte<\/strong><p class=\"profile-des\"><\/p><\/span><\/div><div class=\"comment-content\"><p>Ana yra auksiniu ranku savininke !!\nSavo vestuviu diena atrod\u017eiau ir jau\u010diausi nepriekai\u0161tyngai ! Bet kas svarbiausia kad mes buvom 9, ir kekviena atrode stulbinan\u010diai !  Yra nepaprastai gra\u017eu kai atsisedes i visa\u017eo kede gali meistru pasitiketi visu 100%.  Ana, jusu atliktas darbas ta diena, priverte ne viena \u017evilgsni sustingtj i\u0161vydus Mus ! Nuo\u0161ird\u017eiai dekoju, ir \u017einau kad dar ne karta mes susitiksime !! <\/p><\/div><\/div><\/div><\/div><\/div><\/div><div class=\"swiper-button-prev\"><\/div><div class=\"swiper-button-next\"><\/div><\/div><\/div><\/div>\n<\/div><\/div><\/div>\n<\/div><\/section><\/div>\n","protected":false},"excerpt":{"rendered":"","protected":false},"author":1,"featured_media":112,"parent":0,"menu_order":0,"comment_status":"closed","ping_status":"closed","template":"","meta":{"om_disable_all_campaigns":false,"_mi_skip_tracking":false},"aioseo_notices":[],"_links":{"self":[{"href":"https:\/\/anakaminskiene.lt\/index.php\/wp-json\/wp\/v2\/pages\/217"}],"collection":[{"href":"https:\/\/anakaminskiene.lt\/index.php\/wp-json\/wp\/v2\/pages"}],"about":[{"href":"https:\/\/anakaminskiene.lt\/index.php\/wp-json\/wp\/v2\/types\/page"}],"author":[{"embeddable":true,"href":"https:\/\/anakaminskiene.lt\/index.php\/wp-json\/wp\/v2\/users\/1"}],"replies":[{"embeddable":true,"href":"https:\/\/anakaminskiene.lt\/index.php\/wp-json\/wp\/v2\/comments?post=217"}],"version-history":[{"count":55,"href":"https:\/\/anakaminskiene.lt\/index.php\/wp-json\/wp\/v2\/pages\/217\/revisions"}],"predecessor-version":[{"id":806,"href":"https:\/\/anakaminskiene.lt\/index.php\/wp-json\/wp\/v2\/pages\/217\/revisions\/806"}],"wp:featuredmedia":[{"embeddable":true,"href":"https:\/\/anakaminskiene.lt\/index.php\/wp-json\/wp\/v2\/media\/112"}],"wp:attachment":[{"href":"https:\/\/anakaminskiene.lt\/index.php\/wp-json\/wp\/v2\/media?parent=217"}],"curies":[{"name":"wp","href":"https:\/\/api.w.org\/{rel}","templated":true}]}}