{"id":359,"date":"2023-04-28T22:05:52","date_gmt":"2023-04-28T22:05:52","guid":{"rendered":"https:\/\/anakaminskiene.lt\/?page_id=359"},"modified":"2024-07-24T06:54:01","modified_gmt":"2024-07-24T06:54:01","slug":"kainos","status":"publish","type":"page","link":"https:\/\/anakaminskiene.lt\/index.php\/kainos\/","title":{"rendered":""},"content":{"rendered":"\n<div class=\"section-wrapper\" data-id=\"lqZUi1\"><section class=\"wp-block-gutenverse-section guten-element guten-section guten-lqZUi1 layout-boxed align-stretch\"><div class=\"guten-background-overlay\"><\/div><div class=\"guten-shape-divider guten-shape-divider-top\"><\/div><div class=\"guten-shape-divider guten-shape-divider-bottom\"><\/div><div class=\"guten-container guten-column-gap-no\">\n<div class=\"wp-block-gutenverse-column guten-element guten-column guten-LFgyLi animated guten-element-hide tablet-fadeInLeft mobile-fadeInLeft\"><div class=\"guten-background-overlay\"><\/div><div class=\"sticky-wrapper\" data-id=\"LFgyLi\"><div class=\"guten-column-wrapper\">\n<h2 class=\"wp-block-gutenverse-heading guten-element guten-Us9Fec animated guten-element-hide desktop-slideInLeft\">Gro\u017eio paslaug\u0173 kainos<\/h2>\n\n\n\n<div class=\"guten-element gutenverse-text-editor guten-0c1Ruo animated guten-element-hide desktop-fadeInLeft\"><div class=\"text-content-inner\">\n<p><\/p>\n<\/div><\/div>\n\n\n\n<div class=\"section-wrapper\" data-id=\"UOwuMr\"><section class=\"wp-block-gutenverse-section guten-element guten-section guten-UOwuMr layout-boxed align-stretch\"><div class=\"guten-background-overlay\"><\/div><div class=\"guten-shape-divider guten-shape-divider-top\"><\/div><div class=\"guten-shape-divider guten-shape-divider-bottom\"><\/div><div class=\"guten-container guten-column-gap-no\">\n<div class=\"wp-block-gutenverse-column guten-element guten-column guten-HiR6jQ\"><div class=\"guten-background-overlay\"><\/div><div class=\"sticky-wrapper\" data-id=\"HiR6jQ\"><div class=\"guten-column-wrapper\">\n<div class=\"section-wrapper\" data-id=\"AAR7Lf\"><section class=\"wp-block-gutenverse-section guten-element guten-section guten-AAR7Lf layout-boxed align-stretch\"><div class=\"guten-background-overlay\"><\/div><div class=\"guten-shape-divider guten-shape-divider-top\"><\/div><div class=\"guten-shape-divider guten-shape-divider-bottom\"><\/div><div class=\"guten-container guten-column-gap-no\">\n<div class=\"wp-block-gutenverse-column guten-element guten-column guten-4WmaRg animated guten-element-hide desktop-fadeInLeft\"><div class=\"guten-background-overlay\"><\/div><div class=\"sticky-wrapper\" data-id=\"4WmaRg\"><div class=\"guten-column-wrapper\">\n<div class=\"guten-element guten-advanced-heading guten-FKt8xK\"><div class=\"heading-section \"><h2 class=\"heading-title\">Proginis makia\u017eas<span class=\"heading-focus\"><\/span><\/h2><\/div><span class=\"heading-subtitle\">Vakarinis, foto, bandomasis, dieninis<\/span><\/div>\n\n\n\n<div class=\"guten-element guten-advanced-heading guten-cEGDPi\"><div class=\"heading-section \"><h2 class=\"heading-title\">60\u20ac<span class=\"heading-focus\"><\/span><\/h2><\/div><span class=\"heading-subtitle\"><\/span><\/div>\n<\/div><\/div><\/div>\n\n\n\n<div class=\"wp-block-gutenverse-column guten-element guten-column guten-pPYXop animated guten-element-hide desktop-fadeInLeft\"><div class=\"guten-background-overlay\"><\/div><div class=\"sticky-wrapper\" data-id=\"pPYXop\"><div class=\"guten-column-wrapper\">\n<div class=\"guten-element guten-advanced-heading guten-EObWbA\"><div class=\"heading-section \"><h2 class=\"heading-title\">Nuotakos makia\u017eas<span class=\"heading-focus\"><\/span><\/h2><\/div><span class=\"heading-subtitle\"><\/span><\/div>\n\n\n\n<div class=\"guten-element guten-advanced-heading guten-qDJwL4\"><div class=\"heading-section \"><h2 class=\"heading-title\">100\u20ac<span class=\"heading-focus\"><\/span><\/h2><\/div><span class=\"heading-subtitle\"><\/span><\/div>\n<\/div><\/div><\/div>\n\n\n\n<div class=\"wp-block-gutenverse-column guten-element guten-column guten-1ykZ2t animated guten-element-hide desktop-fadeInLeft\"><div class=\"guten-background-overlay\"><\/div><div class=\"sticky-wrapper\" data-id=\"1ykZ2t\"><div class=\"guten-column-wrapper\">\n<div class=\"guten-element guten-advanced-heading guten-SYppuS\"><div class=\"heading-section \"><h2 class=\"heading-title\">Makia\u017eo pamoka<span class=\"heading-focus\"><\/span><\/h2><\/div><span class=\"heading-subtitle\">2h<\/span><\/div>\n\n\n\n<div class=\"guten-element guten-advanced-heading guten-STAThY\"><div class=\"heading-section \"><h2 class=\"heading-title\">150\u20ac<span class=\"heading-focus\"><\/span><\/h2><\/div><span class=\"heading-subtitle\"><\/span><\/div>\n<\/div><\/div><\/div>\n\n\n\n<div class=\"wp-block-gutenverse-column guten-element guten-column guten-ByGrzD animated guten-element-hide desktop-fadeInLeft\"><div class=\"guten-background-overlay\"><\/div><div class=\"sticky-wrapper\" data-id=\"ByGrzD\"><div class=\"guten-column-wrapper\">\n<div class=\"guten-element guten-advanced-heading guten-rQp37t\"><div class=\"heading-section \"><h2 class=\"heading-title\">\u0160ukuosenos<span class=\"heading-focus\"><\/span><\/h2><\/div><span class=\"heading-subtitle\">Kaina priklauso nuo \u0161ukuosenos sud\u0117tingumo bei plauk\u0173 ilgio<\/span><\/div>\n\n\n\n<div class=\"guten-element guten-advanced-heading guten-3ngCz2\"><div class=\"heading-section \"><h2 class=\"heading-title\">30-60\u20ac<span class=\"heading-focus\"><\/span><\/h2><\/div><span class=\"heading-subtitle\"><\/span><\/div>\n<\/div><\/div><\/div>\n\n\n\n<div class=\"wp-block-gutenverse-column guten-element guten-column guten-elDPs1 animated guten-element-hide desktop-fadeInLeft\"><div class=\"guten-background-overlay\"><\/div><div class=\"sticky-wrapper\" data-id=\"elDPs1\"><div class=\"guten-column-wrapper\">\n<div class=\"guten-element guten-advanced-heading guten-M9dZFO\"><div class=\"heading-section \"><h2 class=\"heading-title\">Antaki\u0173 korekcija ir da\u017eymas<span class=\"heading-focus\"><\/span><\/h2><\/div><span class=\"heading-subtitle\">*Kartu su laminavimu 30\u20ac<\/span><\/div>\n\n\n\n<div class=\"guten-element guten-advanced-heading guten-kNHA5Y\"><div class=\"heading-section \"><h2 class=\"heading-title\">20\u20ac<span class=\"heading-focus\"><\/span><\/h2><\/div><span class=\"heading-subtitle\"><\/span><\/div>\n<\/div><\/div><\/div>\n\n\n\n<div class=\"wp-block-gutenverse-column guten-element guten-column guten-bDviyd animated guten-element-hide desktop-fadeInLeft\"><div class=\"guten-background-overlay\"><\/div><div class=\"sticky-wrapper\" data-id=\"bDviyd\"><div class=\"guten-column-wrapper\">\n<div class=\"guten-element guten-advanced-heading guten-vJh8Kh\"><div class=\"heading-section \"><h2 class=\"heading-title\">Antaki\u0173 laminavimas<span class=\"heading-focus\"><\/span><\/h2><\/div><span class=\"heading-subtitle\">*Kartu su da\u017eymu ir korekcija 30\u20ac<\/span><\/div>\n\n\n\n<div class=\"guten-element guten-advanced-heading guten-yb94Ir\"><div class=\"heading-section \"><h2 class=\"heading-title\">20\u20ac<span class=\"heading-focus\"><\/span><\/h2><\/div><span class=\"heading-subtitle\"><\/span><\/div>\n<\/div><\/div><\/div>\n\n\n\n<div class=\"wp-block-gutenverse-column guten-element guten-column guten-h7Wkkn animated guten-element-hide desktop-fadeInLeft\"><div class=\"guten-background-overlay\"><\/div><div class=\"sticky-wrapper\" data-id=\"h7Wkkn\"><div class=\"guten-column-wrapper\">\n<div class=\"guten-element guten-advanced-heading guten-gBqXn8\"><div class=\"heading-section \"><h2 class=\"heading-title\">Permanentinis makia\u017eas (pirma proced\u016bra)<span class=\"heading-focus\"><\/span><\/h2><\/div><span class=\"heading-subtitle\">Antakiai, aki\u0173 pravedimas, l\u016bpos<\/span><\/div>\n\n\n\n<div class=\"guten-element guten-advanced-heading guten-rx7hAA\"><div class=\"heading-section \"><h2 class=\"heading-title\">150\u20ac<span class=\"heading-focus\"><\/span><\/h2><\/div><span class=\"heading-subtitle\"><\/span><\/div>\n<\/div><\/div><\/div>\n\n\n\n<div class=\"wp-block-gutenverse-column guten-element guten-column guten-ewQxSJ animated guten-element-hide desktop-fadeInLeft\"><div class=\"guten-background-overlay\"><\/div><div class=\"sticky-wrapper\" data-id=\"ewQxSJ\"><div class=\"guten-column-wrapper\">\n<div class=\"guten-element guten-advanced-heading guten-ZZbeOy\"><div class=\"heading-section \"><h2 class=\"heading-title\">Permanentinis makia\u017eas (korekcija) Antakiai, aki\u0173 pravedimas, l\u016bpos<span class=\"heading-focus\"><\/span><\/h2><\/div><span class=\"heading-subtitle\">*Pirm\u0105j\u0105 proced\u016br\u0105 atliekant pas mane ir ne v\u0117liau nei 4 m\u0117nesiai po pirmos proced\u016bros<\/span><\/div>\n\n\n\n<div class=\"guten-element guten-advanced-heading guten-WJEq2h\"><div class=\"heading-section \"><h2 class=\"heading-title\">50\u20ac<span class=\"heading-focus\"><\/span><\/h2><\/div><span class=\"heading-subtitle\"><\/span><\/div>\n<\/div><\/div><\/div>\n\n\n\n<div class=\"wp-block-gutenverse-column guten-element guten-column guten-XloE9q animated guten-element-hide desktop-fadeInLeft\"><div class=\"guten-background-overlay\"><\/div><div class=\"sticky-wrapper\" data-id=\"XloE9q\"><div class=\"guten-column-wrapper\">\n<div class=\"guten-element guten-advanced-heading guten-DUgoQ9\"><div class=\"heading-section \"><h2 class=\"heading-title\">Depiliacija va\u0161ku ir cukrumi<span class=\"heading-focus\"><\/span><\/h2><\/div><span class=\"heading-subtitle\">Priklausonai nuo zon\u0173 kiekio<\/span><\/div>\n\n\n\n<div class=\"guten-element guten-advanced-heading guten-bdcGMH\"><div class=\"heading-section \"><h2 class=\"heading-title\">12-60\u20ac<span class=\"heading-focus\"><\/span><\/h2><\/div><span class=\"heading-subtitle\"><\/span><\/div>\n<\/div><\/div><\/div>\n<\/div><\/section><\/div>\n<\/div><\/div><\/div>\n<\/div><\/section><\/div>\n<\/div><\/div><\/div>\n<\/div><\/section><\/div>\n\n\n\n<div class=\"section-wrapper\" data-id=\"W6Btq7\"><section class=\"wp-block-gutenverse-section guten-element guten-section guten-W6Btq7 layout-boxed align-stretch\"><div class=\"guten-background-overlay\"><\/div><div class=\"guten-shape-divider guten-shape-divider-top\"><\/div><div class=\"guten-shape-divider guten-shape-divider-bottom\"><\/div><div class=\"guten-container guten-column-gap-no\">\n<div class=\"wp-block-gutenverse-column guten-element guten-column guten-cDEsmL\"><div class=\"guten-background-overlay\"><\/div><div class=\"sticky-wrapper\" data-id=\"cDEsmL\"><div class=\"guten-column-wrapper\"><\/div><\/div><\/div>\n<\/div><\/section><\/div>\n","protected":false},"excerpt":{"rendered":"","protected":false},"author":1,"featured_media":0,"parent":0,"menu_order":0,"comment_status":"closed","ping_status":"closed","template":"","meta":{"om_disable_all_campaigns":false,"_mi_skip_tracking":false},"aioseo_notices":[],"_links":{"self":[{"href":"https:\/\/anakaminskiene.lt\/index.php\/wp-json\/wp\/v2\/pages\/359"}],"collection":[{"href":"https:\/\/anakaminskiene.lt\/index.php\/wp-json\/wp\/v2\/pages"}],"about":[{"href":"https:\/\/anakaminskiene.lt\/index.php\/wp-json\/wp\/v2\/types\/page"}],"author":[{"embeddable":true,"href":"https:\/\/anakaminskiene.lt\/index.php\/wp-json\/wp\/v2\/users\/1"}],"replies":[{"embeddable":true,"href":"https:\/\/anakaminskiene.lt\/index.php\/wp-json\/wp\/v2\/comments?post=359"}],"version-history":[{"count":10,"href":"https:\/\/anakaminskiene.lt\/index.php\/wp-json\/wp\/v2\/pages\/359\/revisions"}],"predecessor-version":[{"id":714,"href":"https:\/\/anakaminskiene.lt\/index.php\/wp-json\/wp\/v2\/pages\/359\/revisions\/714"}],"wp:attachment":[{"href":"https:\/\/anakaminskiene.lt\/index.php\/wp-json\/wp\/v2\/media?parent=359"}],"curies":[{"name":"wp","href":"https:\/\/api.w.org\/{rel}","templated":true}]}}