{"id":495,"date":"2024-01-28T18:05:00","date_gmt":"2024-01-28T18:05:00","guid":{"rendered":"https:\/\/anakaminskiene.lt\/?page_id=495"},"modified":"2024-07-24T07:08:38","modified_gmt":"2024-07-24T07:08:38","slug":"vestuvinis-makiazas","status":"publish","type":"page","link":"https:\/\/anakaminskiene.lt\/index.php\/vestuvinis-makiazas\/","title":{"rendered":""},"content":{"rendered":"\n<div class=\"section-wrapper\" data-id=\"UWvKNT\"><section class=\"wp-block-gutenverse-section guten-element guten-section guten-UWvKNT layout-boxed align-stretch\"><div class=\"guten-background-overlay\"><\/div><div class=\"guten-shape-divider guten-shape-divider-top\"><\/div><div class=\"guten-shape-divider guten-shape-divider-bottom\"><\/div><div class=\"guten-container guten-column-gap-default\">\n<div class=\"wp-block-gutenverse-column guten-element guten-column guten-H1ueux\"><div class=\"guten-background-overlay\"><\/div><div class=\"sticky-wrapper\" data-id=\"H1ueux\"><div class=\"guten-column-wrapper\">\n<div class=\"section-wrapper\" data-id=\"C9iVQ3\"><section class=\"wp-block-gutenverse-section guten-element guten-section guten-C9iVQ3 layout-boxed align-stretch\"><div class=\"guten-background-overlay\"><\/div><div class=\"guten-shape-divider guten-shape-divider-top\"><\/div><div class=\"guten-shape-divider guten-shape-divider-bottom\"><\/div><div class=\"guten-container guten-column-gap-no\">\n<div class=\"wp-block-gutenverse-column guten-element guten-column guten-pUnwNI\"><div class=\"guten-background-overlay\"><\/div><div class=\"sticky-wrapper\" data-id=\"pUnwNI\"><div class=\"guten-column-wrapper\">\n<h1 class=\"wp-block-gutenverse-heading guten-element guten-NLL8ZI animated guten-element-hide slow desktop-fadeInLeft\">Nuotakos makia\u017eas<\/h1>\n\n\n\n<div class=\"guten-element gutenverse-text-editor guten-eM8mxi\"><div class=\"text-content-inner\">\n<p class=\"has-primary-font-family\">Nuotakos makia\u017eas skiriasi nuo paprasto makia\u017eo tuo, kad jis yra pritaikytas ypatingai progai &#8211; vestuv\u0117ms. Pagrindiniai skirtumai nuo proginio ar kitokio tipo makia\u017eo yra: <\/p>\n\n\n\n<p class=\"has-primary-font-family\">1. <strong>I\u0161liekamumas:<\/strong> Nuotakos makia\u017eui skiriamas ypatingas d\u0117mesys, kad jis i\u0161likt\u0173 tobulas ilg\u0105 laik\u0105, nes vestuv\u0117s trunka daug valand\u0173. <\/p>\n\n\n\n<p class=\"has-primary-font-family\">2. <strong>Fotogeni\u0161kumas:<\/strong> Makia\u017eas turi atrodyti puikiai ne tik tiesiogin\u0117je dienos \u0161viesoje, bet ir fotografijose. Tai rei\u0161kia, kad naudojami produktai ir technikos yra pritaikyti fotosesijoms. <\/p>\n\n\n\n<p class=\"has-primary-font-family\">3. <strong>Nat\u016bralumas ir i\u0161skirtinumas:<\/strong> Nuotakos makia\u017eas da\u017enai yra subtilus ir pabr\u0117\u017eia jos nat\u016bral\u0173 gro\u017e\u012f, bet tuo pa\u010diu suteikia i\u0161skirtinumo, kad ji atrodyt\u0173 ypatinga \u0161io svarbaus \u012fvykio metu. <\/p>\n\n\n\n<p class=\"has-primary-font-family\">4. <strong>Atsparumas a\u0161aroms:<\/strong> Atsi\u017evelgiant \u012f tai, kad vestuv\u0117se da\u017enai mus u\u017evaldo emocijos, nuotakos makia\u017eas atliekamas taip, kad b\u016bt\u0173 atsparus a\u0161aroms, prakaitui ir dienos b\u0117gyje nepakeistu savo pirmin\u0117s i\u0161vaizdos. <\/p>\n\n\n\n<p><\/p>\n\n\n\n<p><\/p>\n<\/div><\/div>\n\n\n\n<div class=\"guten-element gutenverse-text-editor guten-NvRodV\"><div class=\"text-content-inner\">\n<p class=\"has-primary-font-family\">Darydamos bandom\u0105j\u012f makia\u017e\u0105 nuotakos gali ap\u017ei\u016br\u0117ti ir \u012fvertinti visas svarbias makia\u017eo detales prie\u0161 savo vestuvi\u0173 dien\u0105. Tai leid\u017eia u\u017etikrinti, kad pasirinktas makia\u017eas atitikt\u0173 j\u0173 l\u016bkes\u010dius ir b\u016bt\u0173 tinkamai pritaikytas j\u0173 veido formai ir stiliui. Tai taip pat suteikia galimyb\u0119 pasitarti su makia\u017eo meistru ir pasidalinti savo pageidavimais, u\u017etikrinant, kad b\u016bt\u0173 pasiektas optimalus ir d\u017eiuginantis rezultatas.<\/p>\n<\/div><\/div>\n<\/div><\/div><\/div>\n\n\n\n<div class=\"wp-block-gutenverse-column guten-element guten-column guten-qVKBQt\"><div class=\"guten-background-overlay\"><\/div><div class=\"sticky-wrapper\" data-id=\"qVKBQt\"><div class=\"guten-column-wrapper\">\n<figure class=\"wp-block-image size-large\"><img decoding=\"async\" loading=\"lazy\" width=\"690\" height=\"1024\" src=\"http:\/\/anakaminskiene.lt\/wp-content\/uploads\/2023\/05\/IMG_6860-690x1024.jpg\" alt=\"\" class=\"wp-image-421\" srcset=\"https:\/\/anakaminskiene.lt\/wp-content\/uploads\/2023\/05\/IMG_6860-690x1024.jpg 690w, https:\/\/anakaminskiene.lt\/wp-content\/uploads\/2023\/05\/IMG_6860-202x300.jpg 202w, https:\/\/anakaminskiene.lt\/wp-content\/uploads\/2023\/05\/IMG_6860-768x1139.jpg 768w, https:\/\/anakaminskiene.lt\/wp-content\/uploads\/2023\/05\/IMG_6860-1036x1536.jpg 1036w, https:\/\/anakaminskiene.lt\/wp-content\/uploads\/2023\/05\/IMG_6860-1381x2048.jpg 1381w, https:\/\/anakaminskiene.lt\/wp-content\/uploads\/2023\/05\/IMG_6860-600x890.jpg 600w, https:\/\/anakaminskiene.lt\/wp-content\/uploads\/2023\/05\/IMG_6860-scaled.jpg 1726w\" sizes=\"(max-width: 690px) 100vw, 690px\" \/><\/figure>\n<\/div><\/div><\/div>\n<\/div><\/section><\/div>\n\n\n\n<div class=\"section-wrapper\" data-id=\"zTtN7k\"><section class=\"wp-block-gutenverse-section guten-element guten-section guten-zTtN7k layout-boxed align-stretch\"><div class=\"guten-background-overlay\"><\/div><div class=\"guten-shape-divider guten-shape-divider-top\"><\/div><div class=\"guten-shape-divider guten-shape-divider-bottom\"><\/div><div class=\"guten-container guten-column-gap-default\">\n<div class=\"wp-block-gutenverse-column guten-element guten-column guten-3bLvAy\"><div class=\"guten-background-overlay\"><\/div><div class=\"sticky-wrapper\" data-id=\"3bLvAy\"><div class=\"guten-column-wrapper\">\n<div class=\"guten-element guten-button-wrapper guten-llxTPd\"><a class=\"guten-button guten-button-sm\" href=\"https:\/\/anakaminskiene.lt\/index.php\/312-2\/\" target=\"_blank\" rel=\"noreferrer noopener\"><span>Per\u017ei\u016br\u0117ti portfolio<\/span><\/a><\/div>\n<\/div><\/div><\/div>\n<\/div><\/section><\/div>\n<\/div><\/div><\/div>\n<\/div><\/section><\/div>\n","protected":false},"excerpt":{"rendered":"","protected":false},"author":1,"featured_media":0,"parent":0,"menu_order":0,"comment_status":"closed","ping_status":"closed","template":"","meta":{"om_disable_all_campaigns":false,"_mi_skip_tracking":false},"aioseo_notices":[],"_links":{"self":[{"href":"https:\/\/anakaminskiene.lt\/index.php\/wp-json\/wp\/v2\/pages\/495"}],"collection":[{"href":"https:\/\/anakaminskiene.lt\/index.php\/wp-json\/wp\/v2\/pages"}],"about":[{"href":"https:\/\/anakaminskiene.lt\/index.php\/wp-json\/wp\/v2\/types\/page"}],"author":[{"embeddable":true,"href":"https:\/\/anakaminskiene.lt\/index.php\/wp-json\/wp\/v2\/users\/1"}],"replies":[{"embeddable":true,"href":"https:\/\/anakaminskiene.lt\/index.php\/wp-json\/wp\/v2\/comments?post=495"}],"version-history":[{"count":8,"href":"https:\/\/anakaminskiene.lt\/index.php\/wp-json\/wp\/v2\/pages\/495\/revisions"}],"predecessor-version":[{"id":717,"href":"https:\/\/anakaminskiene.lt\/index.php\/wp-json\/wp\/v2\/pages\/495\/revisions\/717"}],"wp:attachment":[{"href":"https:\/\/anakaminskiene.lt\/index.php\/wp-json\/wp\/v2\/media?parent=495"}],"curies":[{"name":"wp","href":"https:\/\/api.w.org\/{rel}","templated":true}]}}