{"id":517,"date":"2024-01-28T18:38:55","date_gmt":"2024-01-28T18:38:55","guid":{"rendered":"https:\/\/anakaminskiene.lt\/?page_id=517"},"modified":"2024-07-24T07:15:44","modified_gmt":"2024-07-24T07:15:44","slug":"517-2","status":"publish","type":"page","link":"https:\/\/anakaminskiene.lt\/index.php\/517-2\/","title":{"rendered":""},"content":{"rendered":"\n<div class=\"section-wrapper\" data-id=\"UWvKNT\"><section class=\"wp-block-gutenverse-section guten-element guten-section guten-UWvKNT layout-boxed align-stretch\"><div class=\"guten-background-overlay\"><\/div><div class=\"guten-shape-divider guten-shape-divider-top\"><\/div><div class=\"guten-shape-divider guten-shape-divider-bottom\"><\/div><div class=\"guten-container guten-column-gap-default\">\n<div class=\"wp-block-gutenverse-column guten-element guten-column guten-H1ueux\"><div class=\"guten-background-overlay\"><\/div><div class=\"sticky-wrapper\" data-id=\"H1ueux\"><div class=\"guten-column-wrapper\">\n<div class=\"section-wrapper\" data-id=\"C9iVQ3\"><section class=\"wp-block-gutenverse-section guten-element guten-section guten-C9iVQ3 layout-boxed align-stretch\"><div class=\"guten-background-overlay\"><\/div><div class=\"guten-shape-divider guten-shape-divider-top\"><\/div><div class=\"guten-shape-divider guten-shape-divider-bottom\"><\/div><div class=\"guten-container guten-column-gap-no\">\n<div class=\"wp-block-gutenverse-column guten-element guten-column guten-pUnwNI\"><div class=\"guten-background-overlay\"><\/div><div class=\"sticky-wrapper\" data-id=\"pUnwNI\"><div class=\"guten-column-wrapper\">\n<h1 class=\"wp-block-gutenverse-heading guten-element guten-NLL8ZI animated guten-element-hide slow desktop-fadeInLeft\">Proginis makia\u017eas<\/h1>\n\n\n\n<div class=\"guten-element gutenverse-text-editor guten-eM8mxi\"><div class=\"text-content-inner\">\n<p class=\"has-primary-font-family\">Proginis makia\u017eas yra ypatinga makia\u017eo r\u016b\u0161is, skirta \u012fvairioms progoms ir \u0161vent\u0117ms, pavyzd\u017eiui, gimtadieniams, jubiliejams, krik\u0161tynoms ir kitoms svarbioms \u0161vent\u0117ms. Proginis makia\u017eas siekia sukurti i\u0161skirtin\u012f ir \u0161ventin\u012f \u012fvaizd\u012f, kuris i\u0161ry\u0161kint\u0173 gra\u017eiausius veido bruo\u017eus ir atitikt\u0173 progos ypatingum\u0105.<\/p>\n<\/div><\/div>\n\n\n\n<div class=\"guten-element gutenverse-text-editor guten-NvRodV\"><div class=\"text-content-inner\">\n<p class=\"has-primary-font-family\">Kiekvienu atveju klientas i\u0161sako savo pageidavimus, aptariamas stilius, \u0161ukuosena, apranga, makia\u017eo tikslas ir sukuriamas labiausiai tinkantis moteriai variantas.<\/p>\n<\/div><\/div>\n<\/div><\/div><\/div>\n\n\n\n<div class=\"wp-block-gutenverse-column guten-element guten-column guten-qVKBQt\"><div class=\"guten-background-overlay\"><\/div><div class=\"sticky-wrapper\" data-id=\"qVKBQt\"><div class=\"guten-column-wrapper\">\n<figure class=\"wp-block-gallery has-nested-images columns-default is-cropped wp-block-gallery-1 is-layout-flex\">\n<figure class=\"wp-block-image size-full\"><img decoding=\"async\" loading=\"lazy\" width=\"744\" height=\"961\" src=\"http:\/\/anakaminskiene.lt\/wp-content\/uploads\/2023\/04\/BeautyPlus_20201028104826365_save_28334815529530.jpg\" alt=\"\" class=\"wp-image-201\" srcset=\"https:\/\/anakaminskiene.lt\/wp-content\/uploads\/2023\/04\/BeautyPlus_20201028104826365_save_28334815529530.jpg 744w, https:\/\/anakaminskiene.lt\/wp-content\/uploads\/2023\/04\/BeautyPlus_20201028104826365_save_28334815529530-232x300.jpg 232w, https:\/\/anakaminskiene.lt\/wp-content\/uploads\/2023\/04\/BeautyPlus_20201028104826365_save_28334815529530-600x775.jpg 600w\" sizes=\"(max-width: 744px) 100vw, 744px\" \/><\/figure>\n<\/figure>\n<\/div><\/div><\/div>\n<\/div><\/section><\/div>\n\n\n\n<div class=\"section-wrapper\" data-id=\"zTtN7k\"><section class=\"wp-block-gutenverse-section guten-element guten-section guten-zTtN7k layout-boxed align-stretch\"><div class=\"guten-background-overlay\"><\/div><div class=\"guten-shape-divider guten-shape-divider-top\"><\/div><div class=\"guten-shape-divider guten-shape-divider-bottom\"><\/div><div class=\"guten-container guten-column-gap-default\">\n<div class=\"wp-block-gutenverse-column guten-element guten-column guten-3bLvAy\"><div class=\"guten-background-overlay\"><\/div><div class=\"sticky-wrapper\" data-id=\"3bLvAy\"><div class=\"guten-column-wrapper\">\n<div class=\"guten-element guten-button-wrapper guten-llxTPd\"><a class=\"guten-button guten-button-sm\" href=\"https:\/\/anakaminskiene.lt\/index.php\/312-2\/\" target=\"_blank\" rel=\"noreferrer noopener\"><span>Per\u017ei\u016br\u0117ti portfolio<\/span><\/a><\/div>\n<\/div><\/div><\/div>\n<\/div><\/section><\/div>\n<\/div><\/div><\/div>\n<\/div><\/section><\/div>\n","protected":false},"excerpt":{"rendered":"","protected":false},"author":1,"featured_media":0,"parent":0,"menu_order":0,"comment_status":"closed","ping_status":"closed","template":"","meta":{"om_disable_all_campaigns":false,"_mi_skip_tracking":false},"aioseo_notices":[],"_links":{"self":[{"href":"https:\/\/anakaminskiene.lt\/index.php\/wp-json\/wp\/v2\/pages\/517"}],"collection":[{"href":"https:\/\/anakaminskiene.lt\/index.php\/wp-json\/wp\/v2\/pages"}],"about":[{"href":"https:\/\/anakaminskiene.lt\/index.php\/wp-json\/wp\/v2\/types\/page"}],"author":[{"embeddable":true,"href":"https:\/\/anakaminskiene.lt\/index.php\/wp-json\/wp\/v2\/users\/1"}],"replies":[{"embeddable":true,"href":"https:\/\/anakaminskiene.lt\/index.php\/wp-json\/wp\/v2\/comments?post=517"}],"version-history":[{"count":5,"href":"https:\/\/anakaminskiene.lt\/index.php\/wp-json\/wp\/v2\/pages\/517\/revisions"}],"predecessor-version":[{"id":721,"href":"https:\/\/anakaminskiene.lt\/index.php\/wp-json\/wp\/v2\/pages\/517\/revisions\/721"}],"wp:attachment":[{"href":"https:\/\/anakaminskiene.lt\/index.php\/wp-json\/wp\/v2\/media?parent=517"}],"curies":[{"name":"wp","href":"https:\/\/api.w.org\/{rel}","templated":true}]}}