{"id":523,"date":"2024-01-28T18:46:50","date_gmt":"2024-01-28T18:46:50","guid":{"rendered":"https:\/\/anakaminskiene.lt\/?page_id=523"},"modified":"2024-07-24T07:25:17","modified_gmt":"2024-07-24T07:25:17","slug":"523-2","status":"publish","type":"page","link":"https:\/\/anakaminskiene.lt\/index.php\/523-2\/","title":{"rendered":""},"content":{"rendered":"\n<div class=\"section-wrapper\" data-id=\"UWvKNT\"><section class=\"wp-block-gutenverse-section guten-element guten-section guten-UWvKNT layout-boxed align-stretch\"><div class=\"guten-background-overlay\"><\/div><div class=\"guten-shape-divider guten-shape-divider-top\"><\/div><div class=\"guten-shape-divider guten-shape-divider-bottom\"><\/div><div class=\"guten-container guten-column-gap-default\">\n<div class=\"wp-block-gutenverse-column guten-element guten-column guten-H1ueux\"><div class=\"guten-background-overlay\"><\/div><div class=\"sticky-wrapper\" data-id=\"H1ueux\"><div class=\"guten-column-wrapper\">\n<div class=\"section-wrapper\" data-id=\"C9iVQ3\"><section class=\"wp-block-gutenverse-section guten-element guten-section guten-C9iVQ3 layout-boxed align-stretch\"><div class=\"guten-background-overlay\"><\/div><div class=\"guten-shape-divider guten-shape-divider-top\"><\/div><div class=\"guten-shape-divider guten-shape-divider-bottom\"><\/div><div class=\"guten-container guten-column-gap-no\">\n<div class=\"wp-block-gutenverse-column guten-element guten-column guten-pUnwNI\"><div class=\"guten-background-overlay\"><\/div><div class=\"sticky-wrapper\" data-id=\"pUnwNI\"><div class=\"guten-column-wrapper\">\n<h1 class=\"wp-block-gutenverse-heading guten-element guten-NLL8ZI animated guten-element-hide slow desktop-fadeInLeft\">Antaki\u0173 formos korekcija, da\u017eymas bei laminavimas<\/h1>\n\n\n\n<div class=\"guten-element gutenverse-text-editor guten-eM8mxi\"><div class=\"text-content-inner\">\n<h3 class=\"wp-block-heading has-primary-font-family\">Antaki\u0173 korekcijos ir da\u017eymo proced\u016bra<\/h3>\n\n\n\n<p class=\"has-primary-font-family\"><strong>Proced\u016bros eiga:<\/strong><\/p>\n\n\n\n<ol>\n<li class=\"has-primary-font-family\"><strong>Konsultacija:<\/strong>\n<ul>\n<li>Kliento poreiki\u0173 ir pageidavim\u0173 i\u0161klausymas.<\/li>\n\n\n\n<li>Antaki\u0173 formos ir spalvos pasirinkimas, atsi\u017evelgiant \u012f veido bruo\u017eus, aki\u0173 spalv\u0105 ir odos ton\u0105.<\/li>\n<\/ul>\n<\/li>\n\n\n\n<li class=\"has-primary-font-family\"><strong>Valymas:<\/strong>\n<ul>\n<li>Antaki\u0173 srities valymas ir dezinfekavimas, siekiant pa\u0161alinti makia\u017eo liku\u010dius ir riebalus.<\/li>\n<\/ul>\n<\/li>\n\n\n\n<li class=\"has-primary-font-family\"><strong>Forma:<\/strong>\n<ul>\n<li>Prad\u017eioje atliekama antaki\u0173 formos modeliavimas naudojant pie\u0161tuk\u0105 ar \u0161ablon\u0105, kad b\u016bt\u0173 ai\u0161ku, kaip atrodys galutinis rezultatas.<\/li>\n<\/ul>\n<\/li>\n\n\n\n<li class=\"has-primary-font-family\"><strong>Korekcija:<\/strong>\n<ul>\n<li>Plaukeli\u0173 pa\u0161alinimas naudojant \u012fvairius metodus:\n<ul>\n<li><strong>Pincetas:<\/strong> Tikslus atskir\u0173 plaukeli\u0173 pa\u0161alinimas.<\/li>\n\n\n\n<li><strong>Va\u0161kas:<\/strong> Greitas ir efektyvus didesni\u0173 plaukeli\u0173 grupi\u0173 pa\u0161alinimas, suteikiantis ilgiau i\u0161liekant\u012f rezultat\u0105.<\/li>\n\n\n\n<li><strong>Si\u016blas:<\/strong> Tradicinis metodas, puikiai tinkantis jautriai odai ir smulkiems plaukeliams.<\/li>\n<\/ul>\n<\/li>\n<\/ul>\n<\/li>\n\n\n\n<li class=\"has-primary-font-family\"><strong>Da\u017eymas:<\/strong>\n<ul>\n<li>Da\u017e\u0173 parinkimas pagal kliento pageidavimus ir nat\u016brali\u0105 plaukeli\u0173 spalv\u0105.<\/li>\n\n\n\n<li>Da\u017e\u0173 aplikavimas ir laiko steb\u0117jimas, kad b\u016bt\u0173 pasiektas norimas atspalvis.<\/li>\n<\/ul>\n<\/li>\n\n\n\n<li class=\"has-primary-font-family\"><strong>Galutinis prisilietimas:<\/strong>\n<ul>\n<li>Da\u017e\u0173 nuvalymas ir galutin\u0117s formos patikrinimas.<\/li>\n\n\n\n<li>Pritaikymas pagal kliento pageidavimus, jei reikia, papildomi koregavimai.<\/li>\n<\/ul>\n<\/li>\n<\/ol>\n\n\n\n<p class=\"has-primary-font-family\"><strong>Privalumai:<\/strong><\/p>\n\n\n\n<ol>\n<li class=\"has-primary-font-family\"><strong>Korekcija kar\u0161tu va\u0161ku:<\/strong>\n<ul>\n<li>Efektyvus dideli\u0173 plaukeli\u0173 grupi\u0173 pa\u0161alinimas.<\/li>\n\n\n\n<li>Ilgiau i\u0161liekantys rezultatai, nes plaukeliai pa\u0161alinami su \u0161aknimis.<\/li>\n<\/ul>\n<\/li>\n\n\n\n<li class=\"has-primary-font-family\"><strong>Geliniais da\u017eais:<\/strong>\n<ul>\n<li>Ilgalaikis efektas, iki 4-6 savai\u010di\u0173.<\/li>\n\n\n\n<li>Nat\u016brali\u0173 spalv\u0173 gama, pritaikyta \u012fvairiems odos ir plauk\u0173 tipams.<\/li>\n\n\n\n<li>Da\u017eai yra atspar\u016bs vandeniui, kas u\u017etikrina, kad spalva nesikeis.<\/li>\n<\/ul>\n<\/li>\n<\/ol>\n\n\n\n<h3 class=\"wp-block-heading has-primary-font-family\">Kod\u0117l verta rinktis antaki\u0173 korekcijos ir da\u017eymo proced\u016br\u0105?<\/h3>\n\n\n\n<ul>\n<li class=\"has-primary-font-family\"><strong>Ilgalaikis efektas:<\/strong> Pa\u0161alinus plaukelius su \u0161aknimis, jie atauga l\u0117\u010diau, o naudojant gelinius da\u017eus, spalva i\u0161lieka iki 4-6 savai\u010di\u0173.<\/li>\n\n\n\n<li class=\"has-primary-font-family\"><strong>Profesionalus rezultatas:<\/strong> Specialistai atsi\u017evelgia \u012f individualius veido bruo\u017eus, u\u017etikrindami harmoning\u0105 ir esteti\u0161kai patraukli\u0105 i\u0161vaizd\u0105.<\/li>\n\n\n\n<li class=\"has-primary-font-family\"><strong>Laiko taupymas:<\/strong> Ryte nereikia gai\u0161ti laiko antaki\u0173 da\u017eymui ar formavimui, nes jie jau bus puikiai suformuoti ir nuda\u017eyti.<\/li>\n<\/ul>\n\n\n\n<p class=\"has-primary-font-family\">Proced\u016bra atliekama profesionaliai, naudojant auk\u0161tos kokyb\u0117s produktus, u\u017etikrinant ilgaam\u017e\u012f ir esteti\u0161kai patraukl\u0173 rezultat\u0105<\/p>\n\n\n\n<p class=\"has-primary-font-family\"><\/p>\n<\/div><\/div>\n\n\n\n<div class=\"guten-element gutenverse-text-editor guten-NvRodV\"><div class=\"text-content-inner\">\n<p class=\"has-primary-font-family\"><\/p>\n<\/div><\/div>\n<\/div><\/div><\/div>\n\n\n\n<div class=\"wp-block-gutenverse-column guten-element guten-column guten-qVKBQt\"><div class=\"guten-background-overlay\"><\/div><div class=\"sticky-wrapper\" data-id=\"qVKBQt\"><div class=\"guten-column-wrapper\">\n<figure class=\"wp-block-image size-large\"><img decoding=\"async\" loading=\"lazy\" width=\"781\" height=\"1024\" src=\"http:\/\/anakaminskiene.lt\/wp-content\/uploads\/2024\/01\/243249322_4437060709696725_580349032540321041_n-781x1024.jpg\" alt=\"\" class=\"wp-image-425\" srcset=\"https:\/\/anakaminskiene.lt\/wp-content\/uploads\/2024\/01\/243249322_4437060709696725_580349032540321041_n-781x1024.jpg 781w, https:\/\/anakaminskiene.lt\/wp-content\/uploads\/2024\/01\/243249322_4437060709696725_580349032540321041_n-229x300.jpg 229w, https:\/\/anakaminskiene.lt\/wp-content\/uploads\/2024\/01\/243249322_4437060709696725_580349032540321041_n-768x1007.jpg 768w, https:\/\/anakaminskiene.lt\/wp-content\/uploads\/2024\/01\/243249322_4437060709696725_580349032540321041_n-1172x1536.jpg 1172w, https:\/\/anakaminskiene.lt\/wp-content\/uploads\/2024\/01\/243249322_4437060709696725_580349032540321041_n-600x786.jpg 600w, https:\/\/anakaminskiene.lt\/wp-content\/uploads\/2024\/01\/243249322_4437060709696725_580349032540321041_n.jpg 1284w\" sizes=\"(max-width: 781px) 100vw, 781px\" \/><\/figure>\n<\/div><\/div><\/div>\n<\/div><\/section><\/div>\n\n\n\n<div class=\"section-wrapper\" data-id=\"zTtN7k\"><section class=\"wp-block-gutenverse-section guten-element guten-section guten-zTtN7k layout-boxed align-stretch\"><div class=\"guten-background-overlay\"><\/div><div class=\"guten-shape-divider guten-shape-divider-top\"><\/div><div class=\"guten-shape-divider guten-shape-divider-bottom\"><\/div><div class=\"guten-container guten-column-gap-default\">\n<div class=\"wp-block-gutenverse-column guten-element guten-column guten-3bLvAy\"><div class=\"guten-background-overlay\"><\/div><div class=\"sticky-wrapper\" data-id=\"3bLvAy\"><div class=\"guten-column-wrapper\">\n<div class=\"guten-element guten-button-wrapper guten-llxTPd\"><a class=\"guten-button guten-button-sm\" href=\"https:\/\/anakaminskiene.lt\/index.php\/312-2\/\" target=\"_blank\" rel=\"noreferrer noopener\"><span>Per\u017ei\u016br\u0117ti portfolio<\/span><\/a><\/div>\n<\/div><\/div><\/div>\n<\/div><\/section><\/div>\n<\/div><\/div><\/div>\n<\/div><\/section><\/div>\n","protected":false},"excerpt":{"rendered":"","protected":false},"author":1,"featured_media":0,"parent":0,"menu_order":0,"comment_status":"closed","ping_status":"closed","template":"","meta":{"om_disable_all_campaigns":false,"_mi_skip_tracking":false},"aioseo_notices":[],"_links":{"self":[{"href":"https:\/\/anakaminskiene.lt\/index.php\/wp-json\/wp\/v2\/pages\/523"}],"collection":[{"href":"https:\/\/anakaminskiene.lt\/index.php\/wp-json\/wp\/v2\/pages"}],"about":[{"href":"https:\/\/anakaminskiene.lt\/index.php\/wp-json\/wp\/v2\/types\/page"}],"author":[{"embeddable":true,"href":"https:\/\/anakaminskiene.lt\/index.php\/wp-json\/wp\/v2\/users\/1"}],"replies":[{"embeddable":true,"href":"https:\/\/anakaminskiene.lt\/index.php\/wp-json\/wp\/v2\/comments?post=523"}],"version-history":[{"count":7,"href":"https:\/\/anakaminskiene.lt\/index.php\/wp-json\/wp\/v2\/pages\/523\/revisions"}],"predecessor-version":[{"id":724,"href":"https:\/\/anakaminskiene.lt\/index.php\/wp-json\/wp\/v2\/pages\/523\/revisions\/724"}],"wp:attachment":[{"href":"https:\/\/anakaminskiene.lt\/index.php\/wp-json\/wp\/v2\/media?parent=523"}],"curies":[{"name":"wp","href":"https:\/\/api.w.org\/{rel}","templated":true}]}}