{"id":537,"date":"2024-01-28T19:02:06","date_gmt":"2024-01-28T19:02:06","guid":{"rendered":"https:\/\/anakaminskiene.lt\/?page_id=537"},"modified":"2024-07-24T13:23:40","modified_gmt":"2024-07-24T13:23:40","slug":"sukuosenos","status":"publish","type":"page","link":"https:\/\/anakaminskiene.lt\/index.php\/sukuosenos\/","title":{"rendered":""},"content":{"rendered":"\n<div class=\"section-wrapper\" data-id=\"UWvKNT\"><section class=\"wp-block-gutenverse-section guten-element guten-section guten-UWvKNT layout-boxed align-stretch\"><div class=\"guten-background-overlay\"><\/div><div class=\"guten-shape-divider guten-shape-divider-top\"><\/div><div class=\"guten-shape-divider guten-shape-divider-bottom\"><\/div><div class=\"guten-container guten-column-gap-default\">\n<div class=\"wp-block-gutenverse-column guten-element guten-column guten-H1ueux\"><div class=\"guten-background-overlay\"><\/div><div class=\"sticky-wrapper\" data-id=\"H1ueux\"><div class=\"guten-column-wrapper\">\n<div class=\"section-wrapper\" data-id=\"C9iVQ3\"><section class=\"wp-block-gutenverse-section guten-element guten-section guten-C9iVQ3 layout-boxed align-stretch\"><div class=\"guten-background-overlay\"><\/div><div class=\"guten-shape-divider guten-shape-divider-top\"><\/div><div class=\"guten-shape-divider guten-shape-divider-bottom\"><\/div><div class=\"guten-container guten-column-gap-no\">\n<div class=\"wp-block-gutenverse-column guten-element guten-column guten-pUnwNI\"><div class=\"guten-background-overlay\"><\/div><div class=\"sticky-wrapper\" data-id=\"pUnwNI\"><div class=\"guten-column-wrapper\">\n<h1 class=\"wp-block-gutenverse-heading guten-element guten-NLL8ZI animated guten-element-hide slow desktop-fadeInLeft\">Fenavimas, bei progin\u0117s \u0161ukuosenos<\/h1>\n\n\n\n<div class=\"guten-element gutenverse-text-editor guten-eM8mxi\"><div class=\"text-content-inner\">\n<h3 class=\"wp-block-heading has-primary-font-family\">Bendro \u012fvaizd\u017eio privalumai:<\/h3>\n\n\n\n<p class=\"has-primary-font-family\">Pasirinkus vien\u0105 meistr\u0105 makia\u017eui ir \u0161ukuosenai, u\u017etikrinsite vientis\u0105 ir harmoning\u0105 \u012fvaizd\u012f. Profesionalas gali geriau suprasti j\u016bs\u0173 pageidavimus ir sukurti suderint\u0105 stili\u0173, kuris atskleis j\u016bs\u0173 gro\u017e\u012f tiek veido, tiek plauk\u0173 srityje.<\/p>\n\n\n\n<h3 class=\"wp-block-heading has-primary-font-family\">Kod\u0117l verta rinktis vien\u0105 meistr\u0105:<\/h3>\n\n\n\n<ul class=\"has-primary-font-family\">\n<li><strong>Harmonija<\/strong>: Vienas stilistas gali geriau suderinti \u0161ukuosen\u0105 ir makia\u017e\u0105, kad jie vienas kit\u0105 papildyt\u0173.<\/li>\n\n\n\n<li><strong>Laiko taupymas<\/strong>: Visos proced\u016bros atliekamos vienoje vietoje, tod\u0117l nereikia gai\u0161ti laiko kelion\u0117ms.<\/li>\n\n\n\n<li><strong>Patogumas<\/strong>: Vienas meistras \u017eino j\u016bs\u0173 individualius poreikius ir gali u\u017etikrinti, kad galutinis rezultatas atitiks j\u016bs\u0173 l\u016bkes\u010dius.<\/li>\n<\/ul>\n\n\n\n<p class=\"has-primary-font-family\">Pasirinkite profesional\u0105, kuris r\u016bpinsis j\u016bs\u0173 plaukais ir makia\u017eu, kad svarbi\u0105 dien\u0105 atrodytum\u0117te nepriekai\u0161tingai ir jaustum\u0117t\u0117s ypatingai!<\/p>\n\n\n\n<p><\/p>\n\n\n\n<p><\/p>\n<\/div><\/div>\n\n\n\n<div class=\"guten-element gutenverse-text-editor guten-NvRodV\"><div class=\"text-content-inner\">\n<p class=\"has-primary-font-family\"><\/p>\n<\/div><\/div>\n<\/div><\/div><\/div>\n\n\n\n<div class=\"wp-block-gutenverse-column guten-element guten-column guten-qVKBQt\"><div class=\"guten-background-overlay\"><\/div><div class=\"sticky-wrapper\" data-id=\"qVKBQt\"><div class=\"guten-column-wrapper\">\n<figure class=\"wp-block-image size-full\"><img decoding=\"async\" loading=\"lazy\" width=\"678\" height=\"904\" src=\"http:\/\/anakaminskiene.lt\/wp-content\/uploads\/2023\/04\/98454072-93e1-43b5-aaa3-4cf9511861b2.jpg\" alt=\"\" class=\"wp-image-208\" srcset=\"https:\/\/anakaminskiene.lt\/wp-content\/uploads\/2023\/04\/98454072-93e1-43b5-aaa3-4cf9511861b2.jpg 678w, https:\/\/anakaminskiene.lt\/wp-content\/uploads\/2023\/04\/98454072-93e1-43b5-aaa3-4cf9511861b2-225x300.jpg 225w, https:\/\/anakaminskiene.lt\/wp-content\/uploads\/2023\/04\/98454072-93e1-43b5-aaa3-4cf9511861b2-600x800.jpg 600w\" sizes=\"(max-width: 678px) 100vw, 678px\" \/><\/figure>\n<\/div><\/div><\/div>\n<\/div><\/section><\/div>\n\n\n\n<div class=\"section-wrapper\" data-id=\"zTtN7k\"><section class=\"wp-block-gutenverse-section guten-element guten-section guten-zTtN7k layout-boxed align-stretch\"><div class=\"guten-background-overlay\"><\/div><div class=\"guten-shape-divider guten-shape-divider-top\"><\/div><div class=\"guten-shape-divider guten-shape-divider-bottom\"><\/div><div class=\"guten-container guten-column-gap-default\">\n<div class=\"wp-block-gutenverse-column guten-element guten-column guten-3bLvAy\"><div class=\"guten-background-overlay\"><\/div><div class=\"sticky-wrapper\" data-id=\"3bLvAy\"><div class=\"guten-column-wrapper\">\n<div class=\"guten-element guten-button-wrapper guten-llxTPd\"><a class=\"guten-button guten-button-sm\" href=\"https:\/\/anakaminskiene.lt\/index.php\/312-2\/\" target=\"_blank\" rel=\"noreferrer noopener\"><span>Per\u017ei\u016br\u0117ti portfolio<\/span><\/a><\/div>\n<\/div><\/div><\/div>\n<\/div><\/section><\/div>\n<\/div><\/div><\/div>\n<\/div><\/section><\/div>\n","protected":false},"excerpt":{"rendered":"","protected":false},"author":1,"featured_media":0,"parent":0,"menu_order":0,"comment_status":"closed","ping_status":"closed","template":"","meta":{"om_disable_all_campaigns":false,"_mi_skip_tracking":false},"aioseo_notices":[],"_links":{"self":[{"href":"https:\/\/anakaminskiene.lt\/index.php\/wp-json\/wp\/v2\/pages\/537"}],"collection":[{"href":"https:\/\/anakaminskiene.lt\/index.php\/wp-json\/wp\/v2\/pages"}],"about":[{"href":"https:\/\/anakaminskiene.lt\/index.php\/wp-json\/wp\/v2\/types\/page"}],"author":[{"embeddable":true,"href":"https:\/\/anakaminskiene.lt\/index.php\/wp-json\/wp\/v2\/users\/1"}],"replies":[{"embeddable":true,"href":"https:\/\/anakaminskiene.lt\/index.php\/wp-json\/wp\/v2\/comments?post=537"}],"version-history":[{"count":5,"href":"https:\/\/anakaminskiene.lt\/index.php\/wp-json\/wp\/v2\/pages\/537\/revisions"}],"predecessor-version":[{"id":732,"href":"https:\/\/anakaminskiene.lt\/index.php\/wp-json\/wp\/v2\/pages\/537\/revisions\/732"}],"wp:attachment":[{"href":"https:\/\/anakaminskiene.lt\/index.php\/wp-json\/wp\/v2\/media?parent=537"}],"curies":[{"name":"wp","href":"https:\/\/api.w.org\/{rel}","templated":true}]}}