{"id":541,"date":"2024-01-28T19:10:47","date_gmt":"2024-01-28T19:10:47","guid":{"rendered":"https:\/\/anakaminskiene.lt\/?page_id=541"},"modified":"2024-07-24T14:26:05","modified_gmt":"2024-07-24T14:26:05","slug":"makiazo-pamokos-ir-kvalifikacijos-kelimas","status":"publish","type":"page","link":"https:\/\/anakaminskiene.lt\/index.php\/makiazo-pamokos-ir-kvalifikacijos-kelimas\/","title":{"rendered":""},"content":{"rendered":"\n<div class=\"section-wrapper\" data-id=\"UWvKNT\"><section class=\"wp-block-gutenverse-section guten-element guten-section guten-UWvKNT layout-boxed align-stretch\"><div class=\"guten-background-overlay\"><\/div><div class=\"guten-shape-divider guten-shape-divider-top\"><\/div><div class=\"guten-shape-divider guten-shape-divider-bottom\"><\/div><div class=\"guten-container guten-column-gap-default\">\n<div class=\"wp-block-gutenverse-column guten-element guten-column guten-H1ueux\"><div class=\"guten-background-overlay\"><\/div><div class=\"sticky-wrapper\" data-id=\"H1ueux\"><div class=\"guten-column-wrapper\">\n<div class=\"section-wrapper\" data-id=\"C9iVQ3\"><section class=\"wp-block-gutenverse-section guten-element guten-section guten-C9iVQ3 layout-boxed align-stretch\"><div class=\"guten-background-overlay\"><\/div><div class=\"guten-shape-divider guten-shape-divider-top\"><\/div><div class=\"guten-shape-divider guten-shape-divider-bottom\"><\/div><div class=\"guten-container guten-column-gap-no\">\n<div class=\"wp-block-gutenverse-column guten-element guten-column guten-pUnwNI\"><div class=\"guten-background-overlay\"><\/div><div class=\"sticky-wrapper\" data-id=\"pUnwNI\"><div class=\"guten-column-wrapper\">\n<h1 class=\"wp-block-gutenverse-heading guten-element guten-NLL8ZI animated guten-element-hide slow desktop-fadeInLeft\">Makia\u017eo pamokos ir kvalifikacijos k\u0117limas<\/h1>\n\n\n\n<div class=\"guten-element gutenverse-text-editor guten-eM8mxi\"><div class=\"text-content-inner\"><\/div><\/div>\n\n\n\n<div class=\"guten-element gutenverse-text-editor guten-NvRodV\"><div class=\"text-content-inner\">\n<h3 class=\"wp-block-heading has-primary-font-family has-normal-font-size\">Kod\u0117l Kiekvienai Moteriai Pravartu Mok\u0117ti Pasidaryti Makia\u017e\u0105 Pa\u010diai<\/h3>\n\n\n\n<p class=\"has-primary-font-family\">Geb\u0117jimas pa\u010diai pasidaryti makia\u017e\u0105 suteikia moteriai daugyb\u0119 privalum\u0173 ir yra itin naudinga \u012fvairiose gyvenimo situacijose. \u0160tai keletas pagrindini\u0173 prie\u017eas\u010di\u0173, kod\u0117l verta i\u0161mokti makia\u017eo meno:<\/p>\n\n\n\n<p class=\"has-primary-font-family\"><strong>Svarb\u016bs Darbo Susitikimai<\/strong>:<\/p>\n\n\n\n<ul>\n<li class=\"has-primary-font-family\">Darbo aplinkoje pirmasis \u012fsp\u016bdis yra labai svarbus. Tvarkingas ir profesionalus makia\u017eas gali pad\u0117ti jaustis labiau pasitikint savimi ir parodyti, kad esate pasiruo\u0161usi bet kokiai situacijai. Mok\u0117jimas pa\u010diai pasidaryti makia\u017e\u0105 leid\u017eia greitai ir efektyviai pasiruo\u0161ti svarbiems susitikimams ar prezentacijoms, nesikreipiant \u012f profesional\u0105.<\/li>\n<\/ul>\n\n\n\n<p class=\"has-primary-font-family\"><strong>Susitikimai su Draug\u0117mis<\/strong>:<\/p>\n\n\n\n<ul>\n<li class=\"has-primary-font-family\">Kasdieniniai ar savaitgaliniai susitikimai su draug\u0117mis taip pat gali b\u016bti puiki proga parodyti savo \u012fg\u016bd\u017eius. Net ir paprastas, nat\u016bralus makia\u017eas gali pagerinti nuotaik\u0105 ir suteikti papildomo \u017eavesio.<\/li>\n<\/ul>\n\n\n\n<p class=\"has-primary-font-family\"><strong>Pasimatymai<\/strong>:<\/p>\n\n\n\n<ul>\n<li class=\"has-primary-font-family\">Pasimatymai da\u017enai kelia \u0161iek tiek jaudulio, tod\u0117l norisi atrodyti nepriekai\u0161tingai. Mok\u0117jimas pa\u010diai pasidaryti makia\u017e\u0105 suteikia galimyb\u0119 greitai pasiruo\u0161ti ir pritaikyti savo i\u0161vaizd\u0105 pagal situacij\u0105, parodant savo individualum\u0105 ir stili\u0173.<\/li>\n<\/ul>\n\n\n\n<p class=\"has-primary-font-family\"><strong>Dalyvavimas Gimtadieniuose<\/strong>:<\/p>\n\n\n\n<ul>\n<li class=\"has-primary-font-family\">Gimtadieniai yra ypatingos \u0161vent\u0117s, kuriose norisi atrodyti puikiai. Geb\u0117jimas savaranki\u0161kai pasidaryti makia\u017e\u0105 padeda pasiruo\u0161ti greitai ir efektyviai, leid\u017eiant m\u0117gautis \u0161vente be papildomo streso.<\/li>\n<\/ul>\n\n\n\n<p class=\"has-primary-font-family\"><strong>Makia\u017eas Kelion\u0117se <\/strong>:<\/p>\n\n\n\n<ul>\n<li class=\"has-primary-font-family\">Kelion\u0117s ir \u0161eimos fotosesijos j\u0173 metu yra akimirkos, kurias norime i\u0161saugoti prisiminimams. Mok\u0117damos pasidaryti makia\u017e\u0105 pa\u010dios, galite u\u017etikrinti, kad visuomet atrodysite puikiai nuotraukose, neatsi\u017evelgiant \u012f viet\u0105 ar aplinkybes.<\/li>\n<\/ul>\n\n\n\n<p class=\"has-primary-font-family\"><strong>Taupumas<\/strong>:<\/p>\n\n\n\n<ul>\n<li class=\"has-primary-font-family\">Nors profesionalus makia\u017eas gali b\u016bti puikus pasirinkimas ypatingoms progoms, kasdieniniame gyvenime tai gali b\u016bti per brangu. I\u0161mok\u0119 pa\u010dios daryti makia\u017e\u0105, galite sutaupyti nema\u017eai pinig\u0173 ir tuo pa\u010diu i\u0161laikyti nepriekai\u0161ting\u0105 i\u0161vaizd\u0105.<\/li>\n<\/ul>\n\n\n\n<p class=\"has-primary-font-family\">Geb\u0117jimas pa\u010diai pasidaryti makia\u017e\u0105 ne tik taupo laik\u0105 ir pinigus, bet ir suteikia galimyb\u0119 eksperimentuoti bei atrasti sau tinkamiausius stilius. Be to, tai gali tapti maloniu ir k\u016brybingu ritualu, kuris kasdien padeda jaustis gra\u017eiai ir pasitikin\u010diai.<\/p>\n\n\n\n<div class=\"section-wrapper\" data-id=\"IbzgSY\"><section class=\"wp-block-gutenverse-section guten-element guten-section guten-IbzgSY layout-boxed align-stretch\"><div class=\"guten-background-overlay\"><\/div><div class=\"guten-shape-divider guten-shape-divider-top\"><\/div><div class=\"guten-shape-divider guten-shape-divider-bottom\"><\/div><div class=\"guten-container guten-column-gap-default\">\n<div class=\"wp-block-gutenverse-column guten-element guten-column guten-trIQvq\"><div class=\"guten-background-overlay\"><\/div><div class=\"sticky-wrapper\" data-id=\"trIQvq\"><div class=\"guten-column-wrapper\"><\/div><\/div><\/div>\n<\/div><\/section><\/div>\n\n\n\n<h3 class=\"wp-block-heading has-primary-font-family has-normal-font-size\">Kvalifikacijos K\u0117limo Pamokos Profesionaliems Viza\u017eistams<\/h3>\n\n\n\n<p><strong>Technini\u0173 \u012fg\u016bd\u017ei\u0173 tobulinimas<\/strong>:<\/p>\n\n\n\n<ul>\n<li>I\u0161moksite pa\u017eangias makia\u017eo technikas ir metodus, kurie pad\u0117s i\u0161pl\u0117sti j\u016bs\u0173 paslaug\u0173 spektr\u0105\u200b.<\/li>\n<\/ul>\n\n\n\n<p><strong>Portfolio pl\u0117timas<\/strong>:<\/p>\n\n\n\n<ul>\n<li>Kurs\u0173 metu tur\u0117site galimyb\u0119 sukurti ir papildyti savo profesional\u0173 portfolio, kuris yra svarbus klient\u0173 pritraukimui\u200b.<\/li>\n<\/ul>\n\n\n\n<p><strong>Saugos ir higienos praktikos<\/strong>:<\/p>\n\n\n\n<ul>\n<li>Gausite naujausias \u017einias apie saugos ir higienos standartus, kurie yra b\u016btini dirbant su klientais\u200b\u200b.<\/li>\n<\/ul>\n\n\n\n<p><strong>Nauj\u0173 produkt\u0173 ir technik\u0173 i\u0161manymas<\/strong>:<\/p>\n\n\n\n<ul>\n<li>Nuolat besikei\u010dianti kosmetikos industrija reikalauja \u017eini\u0173 apie naujausius produktus ir technikas, kad gal\u0117tum\u0117te klientams pasi\u016blyti geriausius sprendimus\u200b\u200b.<\/li>\n<\/ul>\n\n\n\n<p><strong>Profesinis augimas ir karjeros galimyb\u0117s<\/strong>:<\/p>\n\n\n\n<ul>\n<li>Dalyvavimas kvalifikacijos k\u0117limo kursuose gali pad\u0117ti jums gauti auk\u0161tesn\u0117s pozicijos darbo viet\u0105 ar prad\u0117ti savo versl\u0105\u200b\u200b.<\/li>\n<\/ul>\n<\/div><\/div>\n<\/div><\/div><\/div>\n\n\n\n<div class=\"wp-block-gutenverse-column guten-element guten-column guten-qVKBQt\"><div class=\"guten-background-overlay\"><\/div><div class=\"sticky-wrapper\" data-id=\"qVKBQt\"><div class=\"guten-column-wrapper\">\n<figure class=\"wp-block-image size-large\"><img decoding=\"async\" loading=\"lazy\" width=\"1024\" height=\"683\" src=\"http:\/\/anakaminskiene.lt\/wp-content\/uploads\/2024\/01\/45060170_1984829294919891_3888720173561020416_n-1024x683.jpg\" alt=\"\" class=\"wp-image-542\" srcset=\"https:\/\/anakaminskiene.lt\/wp-content\/uploads\/2024\/01\/45060170_1984829294919891_3888720173561020416_n-1024x683.jpg 1024w, https:\/\/anakaminskiene.lt\/wp-content\/uploads\/2024\/01\/45060170_1984829294919891_3888720173561020416_n-300x200.jpg 300w, https:\/\/anakaminskiene.lt\/wp-content\/uploads\/2024\/01\/45060170_1984829294919891_3888720173561020416_n-768x512.jpg 768w, https:\/\/anakaminskiene.lt\/wp-content\/uploads\/2024\/01\/45060170_1984829294919891_3888720173561020416_n-1536x1024.jpg 1536w, https:\/\/anakaminskiene.lt\/wp-content\/uploads\/2024\/01\/45060170_1984829294919891_3888720173561020416_n-600x400.jpg 600w, https:\/\/anakaminskiene.lt\/wp-content\/uploads\/2024\/01\/45060170_1984829294919891_3888720173561020416_n.jpg 1920w\" sizes=\"(max-width: 1024px) 100vw, 1024px\" \/><\/figure>\n<\/div><\/div><\/div>\n<\/div><\/section><\/div>\n<\/div><\/div><\/div>\n<\/div><\/section><\/div>\n","protected":false},"excerpt":{"rendered":"","protected":false},"author":1,"featured_media":0,"parent":0,"menu_order":0,"comment_status":"closed","ping_status":"closed","template":"","meta":{"om_disable_all_campaigns":false,"_mi_skip_tracking":false},"aioseo_notices":[],"_links":{"self":[{"href":"https:\/\/anakaminskiene.lt\/index.php\/wp-json\/wp\/v2\/pages\/541"}],"collection":[{"href":"https:\/\/anakaminskiene.lt\/index.php\/wp-json\/wp\/v2\/pages"}],"about":[{"href":"https:\/\/anakaminskiene.lt\/index.php\/wp-json\/wp\/v2\/types\/page"}],"author":[{"embeddable":true,"href":"https:\/\/anakaminskiene.lt\/index.php\/wp-json\/wp\/v2\/users\/1"}],"replies":[{"embeddable":true,"href":"https:\/\/anakaminskiene.lt\/index.php\/wp-json\/wp\/v2\/comments?post=541"}],"version-history":[{"count":9,"href":"https:\/\/anakaminskiene.lt\/index.php\/wp-json\/wp\/v2\/pages\/541\/revisions"}],"predecessor-version":[{"id":745,"href":"https:\/\/anakaminskiene.lt\/index.php\/wp-json\/wp\/v2\/pages\/541\/revisions\/745"}],"wp:attachment":[{"href":"https:\/\/anakaminskiene.lt\/index.php\/wp-json\/wp\/v2\/media?parent=541"}],"curies":[{"name":"wp","href":"https:\/\/api.w.org\/{rel}","templated":true}]}}