{"id":646,"date":"2024-04-24T07:10:50","date_gmt":"2024-04-24T07:10:50","guid":{"rendered":"https:\/\/anakaminskiene.lt\/?page_id=646"},"modified":"2024-04-24T07:22:04","modified_gmt":"2024-04-24T07:22:04","slug":"646-2","status":"publish","type":"page","link":"https:\/\/anakaminskiene.lt\/index.php\/646-2\/","title":{"rendered":""},"content":{"rendered":"\n<div class=\"section-wrapper\" data-id=\"cyZ5cr\"><section class=\"wp-block-gutenverse-section guten-element guten-section guten-cyZ5cr layout-boxed align-stretch\"><div class=\"guten-background-overlay\"><\/div><div class=\"guten-shape-divider guten-shape-divider-top\"><\/div><div class=\"guten-shape-divider guten-shape-divider-bottom\"><\/div><div class=\"guten-container guten-column-gap-no\">\n<div class=\"wp-block-gutenverse-column guten-element guten-column guten-SXAUec\"><div class=\"guten-background-overlay\"><\/div><div class=\"sticky-wrapper\" data-id=\"SXAUec\"><div class=\"guten-column-wrapper\">\n<h2 class=\"wp-block-gutenverse-heading guten-element guten-ebFwha animated guten-element-hide desktop-fadeInLeft\">Straipniai ir patarimai<\/h2>\n\n\n\n<h2 class=\"wp-block-gutenverse-heading guten-element guten-6C08Mc animated guten-element-hide desktop-fadeInLeft\">blog<\/h2>\n\n\n\n<div class=\"guten-element gutenverse-text-editor guten-XrA8Lk animated guten-element-hide desktop-fadeInLeft\"><div class=\"text-content-inner\">\n<p>\u010cia gal\u0117site rasti naujausius \u012fra\u0161us ir gro\u017eio industrijos ap\u017evalgas.<\/p>\n<\/div><\/div>\n<\/div><\/div><\/div>\n\n\n\n<div class=\"wp-block-gutenverse-column guten-element guten-column guten-eGXS7L\"><div class=\"guten-background-overlay\"><\/div><div class=\"sticky-wrapper\" data-id=\"eGXS7L\"><div class=\"guten-column-wrapper\">\n<div class=\"guten-element guten-button-wrapper guten-qrPGbe\"><a class=\"guten-button animated guten-element-hide desktop-fadeInRight guten-button-sm\" href=\"#\"><span>Daugiau<\/span><\/a><\/div>\n<\/div><\/div><\/div>\n<\/div><\/section><\/div>\n\n\n\n<div class=\"section-wrapper\" data-id=\"OjF1sl\"><section class=\"wp-block-gutenverse-section guten-element guten-section guten-OjF1sl animated guten-element-hide desktop-fadeInUp layout-boxed align-stretch\"><div class=\"guten-background-overlay\"><\/div><div class=\"guten-shape-divider guten-shape-divider-top\"><\/div><div class=\"guten-shape-divider guten-shape-divider-bottom\"><\/div><div class=\"guten-container guten-column-gap-no\">\n<div class=\"wp-block-gutenverse-column guten-element guten-column guten-Bqv9RC\"><div class=\"guten-background-overlay\"><\/div><div class=\"sticky-wrapper\" data-id=\"Bqv9RC\"><div class=\"guten-column-wrapper\"><div  class=\"gutenverse guten-postblock postblock-type-2 guten-pagination-disable  post-element guten-PilNVS\"  data-id=\"guten-PilNVS\" data-settings=\"{&quot;numberPost&quot;:&quot;1&quot;,&quot;readmoreIcon&quot;:&quot;&quot;,&quot;metaAuthorEnabled&quot;:false,&quot;metaDateEnabled&quot;:false,&quot;postblockType&quot;:&quot;type-2&quot;,&quot;inheritQuery&quot;:true,&quot;postType&quot;:&quot;post&quot;,&quot;postOffset&quot;:0,&quot;includePost&quot;:[],&quot;excludePost&quot;:[],&quot;includeCategory&quot;:[],&quot;excludeCategory&quot;:[],&quot;includeAuthor&quot;:[],&quot;includeTag&quot;:[],&quot;excludeTag&quot;:[],&quot;htmlTag&quot;:&quot;h3&quot;,&quot;categoryEnabled&quot;:true,&quot;categoryPosition&quot;:&quot;center&quot;,&quot;excerptEnabled&quot;:true,&quot;excerptLength&quot;:20,&quot;excerptMore&quot;:&quot;...&quot;,&quot;readmoreEnabled&quot;:true,&quot;readmoreIconPosition&quot;:&quot;after&quot;,&quot;readmoreText&quot;:&quot;Read More&quot;,&quot;commentEnabled&quot;:false,&quot;commentIcon&quot;:&quot;fas fa-comment&quot;,&quot;commentIconPosition&quot;:&quot;before&quot;,&quot;metaEnabled&quot;:true,&quot;metaAuthorByText&quot;:&quot;by&quot;,&quot;metaAuthorIcon&quot;:&quot;fas fa-user&quot;,&quot;metaAuthorIconPosition&quot;:&quot;before&quot;,&quot;metaDateType&quot;:&quot;published&quot;,&quot;metaDateFormat&quot;:&quot;default&quot;,&quot;metaDateFormatCustom&quot;:&quot;&quot;,&quot;metaDateIcon&quot;:&quot;fas fa-clock&quot;,&quot;metaDateIconPosition&quot;:&quot;before&quot;,&quot;paginationMode&quot;:&quot;disable&quot;,&quot;paginationLoadmoreText&quot;:&quot;Load More&quot;,&quot;paginationLoadingText&quot;:&quot;Loading...&quot;,&quot;paginationNumberPost&quot;:3,&quot;paginationScrollLimit&quot;:0,&quot;paginationIcon&quot;:&quot;&quot;,&quot;paginationIconPosition&quot;:&quot;before&quot;,&quot;paged&quot;:1,&quot;class&quot;:null}\"><div class=\"guten-block-container\">\n            <div class=\"guten-posts guten-ajax-flag\">\n            <article class=\"guten-post post-637 post type-post status-publish format-standard has-post-thumbnail hentry category-makiazas tag-grozis tag-makeup tag-makiazas tag-vestuves-2\">\n                    <div class=\"guten-thumb\"><a href=\"javascript:void(0);\" data-href=\"https:\/\/anakaminskiene.lt\/index.php\/2024\/04\/23\/pakalbekime-apie-nuotakos-krepseli\/\"><div class=\"thumbnail-container \">\n            <img width=\"1174\" height=\"784\" src=\"https:\/\/anakaminskiene.lt\/wp-content\/uploads\/2024\/04\/1260807100_1174x-1.webp\" class=\"attachment-post-thumbnail size-post-thumbnail wp-post-image\" alt=\"\" decoding=\"async\" loading=\"lazy\" srcset=\"https:\/\/anakaminskiene.lt\/wp-content\/uploads\/2024\/04\/1260807100_1174x-1.webp 1174w, https:\/\/anakaminskiene.lt\/wp-content\/uploads\/2024\/04\/1260807100_1174x-1-300x200.webp 300w, https:\/\/anakaminskiene.lt\/wp-content\/uploads\/2024\/04\/1260807100_1174x-1-1024x684.webp 1024w, https:\/\/anakaminskiene.lt\/wp-content\/uploads\/2024\/04\/1260807100_1174x-1-768x513.webp 768w, https:\/\/anakaminskiene.lt\/wp-content\/uploads\/2024\/04\/1260807100_1174x-1-600x401.webp 600w\" sizes=\"(max-width: 1174px) 100vw, 1174px\" \/>\n\t\t\t<div class=\"guten-overlay\"><\/div>\n        <\/div><\/a><\/div>\n                    <div class=\"guten-postblock-content\"><div class=\"guten-post-category \"><span><a href=\"javascript:void(0);\" data-href=\"https:\/\/anakaminskiene.lt\/index.php\/category\/makiazas\/\" class=\"category-makiazas\">Makia\u017eas<\/a><\/span><\/div><h3 class=\"guten-post-title\"><a href=\"javascript:void(0);\" data-href=\"https:\/\/anakaminskiene.lt\/index.php\/2024\/04\/23\/pakalbekime-apie-nuotakos-krepseli\/\">Nuotakos krep\u0161elis<\/a><\/h3>\n                <div class=\"guten-post-meta\"><\/div><div class=\"guten-post-excerpt\"><p>Vestuv\u0117s yra magi\u0161kas dienos, pilnos d\u017eiaugsmo ir smagumo, ta\u010diau norint \u0161i\u0105 dien\u0105 jaustis kaip tikra princes\u0117, reikia kruop\u0161taus pasiruo\u0161imo. Ryto&#8230;<\/p><\/div>\n            <div class=\"guten-post-meta-bottom\">\n                <div class=\"guten-meta-readmore icon-position-after\">\n                <a href=\"javascript:void(0);\" data-href=\"https:\/\/anakaminskiene.lt\/index.php\/2024\/04\/23\/pakalbekime-apie-nuotakos-krepseli\/\" class=\"guten-readmore\">Read More<i aria-hidden=\"true\" class=\"\"><\/i><\/a>\n            <\/div>\n            <\/div><\/div>\n                <\/article>\n        <\/div>\n        <\/div><\/div><\/div><\/div><\/div>\n\n\n\n<div class=\"wp-block-gutenverse-column guten-element guten-column guten-jrohot\"><div class=\"guten-background-overlay\"><\/div><div class=\"sticky-wrapper\" data-id=\"jrohot\"><div class=\"guten-column-wrapper\"><div  class=\"gutenverse guten-postblock postblock-type-2 guten-pagination-disable  post-element guten-LRC2oP\"  data-id=\"guten-LRC2oP\" data-settings=\"{&quot;numberPost&quot;:&quot;2&quot;,&quot;postOffset&quot;:&quot;0&quot;,&quot;excerptLength&quot;:&quot;28&quot;,&quot;readmoreIcon&quot;:&quot;&quot;,&quot;metaEnabled&quot;:false,&quot;postblockType&quot;:&quot;type-2&quot;,&quot;inheritQuery&quot;:true,&quot;postType&quot;:&quot;post&quot;,&quot;includePost&quot;:[],&quot;excludePost&quot;:[],&quot;includeCategory&quot;:[],&quot;excludeCategory&quot;:[],&quot;includeAuthor&quot;:[],&quot;includeTag&quot;:[],&quot;excludeTag&quot;:[],&quot;htmlTag&quot;:&quot;h3&quot;,&quot;categoryEnabled&quot;:true,&quot;categoryPosition&quot;:&quot;center&quot;,&quot;excerptEnabled&quot;:true,&quot;excerptMore&quot;:&quot;...&quot;,&quot;readmoreEnabled&quot;:true,&quot;readmoreIconPosition&quot;:&quot;after&quot;,&quot;readmoreText&quot;:&quot;Read More&quot;,&quot;commentEnabled&quot;:false,&quot;commentIcon&quot;:&quot;fas fa-comment&quot;,&quot;commentIconPosition&quot;:&quot;before&quot;,&quot;metaAuthorEnabled&quot;:true,&quot;metaAuthorByText&quot;:&quot;by&quot;,&quot;metaAuthorIcon&quot;:&quot;fas fa-user&quot;,&quot;metaAuthorIconPosition&quot;:&quot;before&quot;,&quot;metaDateEnabled&quot;:true,&quot;metaDateType&quot;:&quot;published&quot;,&quot;metaDateFormat&quot;:&quot;default&quot;,&quot;metaDateFormatCustom&quot;:&quot;&quot;,&quot;metaDateIcon&quot;:&quot;fas fa-clock&quot;,&quot;metaDateIconPosition&quot;:&quot;before&quot;,&quot;paginationMode&quot;:&quot;disable&quot;,&quot;paginationLoadmoreText&quot;:&quot;Load More&quot;,&quot;paginationLoadingText&quot;:&quot;Loading...&quot;,&quot;paginationNumberPost&quot;:3,&quot;paginationScrollLimit&quot;:0,&quot;paginationIcon&quot;:&quot;&quot;,&quot;paginationIconPosition&quot;:&quot;before&quot;,&quot;paged&quot;:1,&quot;class&quot;:null}\"><div class=\"guten-block-container\">\n            <div class=\"guten-posts guten-ajax-flag\">\n            <article class=\"guten-post post-637 post type-post status-publish format-standard has-post-thumbnail hentry category-makiazas tag-grozis tag-makeup tag-makiazas tag-vestuves-2\">\n                    <div class=\"guten-thumb\"><a href=\"javascript:void(0);\" data-href=\"https:\/\/anakaminskiene.lt\/index.php\/2024\/04\/23\/pakalbekime-apie-nuotakos-krepseli\/\"><div class=\"thumbnail-container \">\n            <img width=\"1174\" height=\"784\" src=\"https:\/\/anakaminskiene.lt\/wp-content\/uploads\/2024\/04\/1260807100_1174x-1.webp\" class=\"attachment-post-thumbnail size-post-thumbnail wp-post-image\" alt=\"\" decoding=\"async\" loading=\"lazy\" srcset=\"https:\/\/anakaminskiene.lt\/wp-content\/uploads\/2024\/04\/1260807100_1174x-1.webp 1174w, https:\/\/anakaminskiene.lt\/wp-content\/uploads\/2024\/04\/1260807100_1174x-1-300x200.webp 300w, https:\/\/anakaminskiene.lt\/wp-content\/uploads\/2024\/04\/1260807100_1174x-1-1024x684.webp 1024w, https:\/\/anakaminskiene.lt\/wp-content\/uploads\/2024\/04\/1260807100_1174x-1-768x513.webp 768w, https:\/\/anakaminskiene.lt\/wp-content\/uploads\/2024\/04\/1260807100_1174x-1-600x401.webp 600w\" sizes=\"(max-width: 1174px) 100vw, 1174px\" \/>\n\t\t\t<div class=\"guten-overlay\"><\/div>\n        <\/div><\/a><\/div>\n                    <div class=\"guten-postblock-content\"><div class=\"guten-post-category \"><span><a href=\"javascript:void(0);\" data-href=\"https:\/\/anakaminskiene.lt\/index.php\/category\/makiazas\/\" class=\"category-makiazas\">Makia\u017eas<\/a><\/span><\/div><h3 class=\"guten-post-title\"><a href=\"javascript:void(0);\" data-href=\"https:\/\/anakaminskiene.lt\/index.php\/2024\/04\/23\/pakalbekime-apie-nuotakos-krepseli\/\">Nuotakos krep\u0161elis<\/a><\/h3>\n                <div class=\"guten-post-excerpt\"><p>Vestuv\u0117s yra magi\u0161kas dienos, pilnos d\u017eiaugsmo ir smagumo, ta\u010diau norint \u0161i\u0105 dien\u0105 jaustis kaip tikra princes\u0117, reikia kruop\u0161taus pasiruo\u0161imo. Ryto rutina gali b\u016bti labai svarbi, o kartais ir&#8230;<\/p><\/div>\n            <div class=\"guten-post-meta-bottom\">\n                <div class=\"guten-meta-readmore icon-position-after\">\n                <a href=\"javascript:void(0);\" data-href=\"https:\/\/anakaminskiene.lt\/index.php\/2024\/04\/23\/pakalbekime-apie-nuotakos-krepseli\/\" class=\"guten-readmore\">Read More<i aria-hidden=\"true\" class=\"\"><\/i><\/a>\n            <\/div>\n            <\/div><\/div>\n                <\/article>\n        <\/div>\n        <\/div><\/div><\/div><\/div><\/div>\n<\/div><\/section><\/div>\n","protected":false},"excerpt":{"rendered":"","protected":false},"author":1,"featured_media":0,"parent":0,"menu_order":0,"comment_status":"closed","ping_status":"closed","template":"","meta":{"om_disable_all_campaigns":false,"_mi_skip_tracking":false},"aioseo_notices":[],"_links":{"self":[{"href":"https:\/\/anakaminskiene.lt\/index.php\/wp-json\/wp\/v2\/pages\/646"}],"collection":[{"href":"https:\/\/anakaminskiene.lt\/index.php\/wp-json\/wp\/v2\/pages"}],"about":[{"href":"https:\/\/anakaminskiene.lt\/index.php\/wp-json\/wp\/v2\/types\/page"}],"author":[{"embeddable":true,"href":"https:\/\/anakaminskiene.lt\/index.php\/wp-json\/wp\/v2\/users\/1"}],"replies":[{"embeddable":true,"href":"https:\/\/anakaminskiene.lt\/index.php\/wp-json\/wp\/v2\/comments?post=646"}],"version-history":[{"count":3,"href":"https:\/\/anakaminskiene.lt\/index.php\/wp-json\/wp\/v2\/pages\/646\/revisions"}],"predecessor-version":[{"id":657,"href":"https:\/\/anakaminskiene.lt\/index.php\/wp-json\/wp\/v2\/pages\/646\/revisions\/657"}],"wp:attachment":[{"href":"https:\/\/anakaminskiene.lt\/index.php\/wp-json\/wp\/v2\/media?parent=646"}],"curies":[{"name":"wp","href":"https:\/\/api.w.org\/{rel}","templated":true}]}}